{"id":6098,"date":"2021-09-01T14:39:01","date_gmt":"2021-09-01T11:39:01","guid":{"rendered":"https:\/\/alkaline.lv\/?post_type=product&#038;p=6098"},"modified":"2022-11-22T00:20:09","modified_gmt":"2022-11-21T22:20:09","slug":"limlentes-turetajs-apli","status":"publish","type":"product","link":"https:\/\/alkaline.lv\/en\/products\/limlentes-turetajs-apli\/","title":{"rendered":"L\u012bmlentes tur\u0113t\u0101js APLI, 19mm x 33m, ar l\u012bmlenti"},"content":{"rendered":"<div class=\"PRODUCT__description desc description\">\n<div class=\"PRODUCT__description desc description\">\n<div id=\"product-c4cca8047e68a934ad8184d5e5f90d8e\">\n<div class=\"PRODUCT__description desc description\">\n<div id=\"product-126d31f9776461d8956d5e3843be0d2a-full\">\n<div class=\"PRODUCT__description desc description\">\n<div id=\"product-4ad801946f5e4db538311ada6b166831\">\n<div class=\"PRODUCT__description desc description\">\n<div id=\"product-76286c5f4fded0b3d8e4ad9f63c062d0\">\n<div class=\"PRODUCT__description desc description\">\n<div id=\"product-cdd300fb231007b36ce341ddfd0351dc\">\n<div class=\"PRODUCT__description desc description\">\n<div id=\"product-0b8c6c1b8d7e904e61087d7296f93257\">Ide\u0101li piem\u0113rota ikdienas lieto\u0161anai m\u0101j\u0101s, biroj\u0101 vai skol\u0101<br \/>\nViegli nopl\u0113st bez \u0161\u0137\u0113r\u0113m<br \/>\nL\u012bmlentas tur\u0113t\u0101js ar met\u0101la pl\u0101ksni<br \/>\nL\u012bmlente nepaliek dzeltena laika gait\u0101<\/div>\n<p>&nbsp;<\/p>\n<\/div>\n<div class=\"PRODUCT__actions\">\n<div class=\"PRODUCT__actions-item\"><\/div>\n<\/div>\n<\/div>\n<p>&nbsp;<\/p>\n<\/div>\n<div class=\"PRODUCT__actions\">\n<div class=\"PRODUCT__actions-item\"><\/div>\n<\/div>\n<\/div>\n<p>&nbsp;<\/p>\n<\/div>\n<div class=\"PRODUCT__actions\">\n<div class=\"PRODUCT__actions-item\"><\/div>\n<\/div>\n<\/div>\n<p>&nbsp;<\/p>\n<\/div>\n<div class=\"PRODUCT__actions\">\n<div class=\"PRODUCT__actions-item\"><\/div>\n<\/div>\n<\/div>\n<\/div>\n<\/div>\n<\/div>\n<\/div>\n","protected":false},"excerpt":{"rendered":"<p>Ide\u0101li piem\u0113rota ikdienas lieto\u0161anai m\u0101j\u0101s, biroj\u0101 vai skol\u0101 Viegli nopl\u0113st bez \u0161\u0137\u0113r\u0113m L\u012bmlentas tur\u0113t\u0101js ar met\u0101la pl\u0101ksni L\u012bmlente nepaliek dzeltena laika gait\u0101 &nbsp; &nbsp; &nbsp; &nbsp;<\/p>\n","protected":false},"featured_media":6099,"template":"","meta":{"inline_featured_image":false},"product_cat":[587],"product_tag":[],"class_list":{"0":"post-6098","1":"product","2":"type-product","3":"status-publish","4":"has-post-thumbnail","6":"product_cat-limlentes-turetaji-2","8":"first","9":"instock","10":"taxable","11":"shipping-taxable","12":"purchasable","13":"product-type-simple","14":"add-to-wishlist-after_add_to_cart"},"_links":{"self":[{"href":"https:\/\/alkaline.lv\/en\/wp-json\/wp\/v2\/product\/6098","targetHints":{"allow":["GET"]}}],"collection":[{"href":"https:\/\/alkaline.lv\/en\/wp-json\/wp\/v2\/product"}],"about":[{"href":"https:\/\/alkaline.lv\/en\/wp-json\/wp\/v2\/types\/product"}],"wp:featuredmedia":[{"embeddable":true,"href":"https:\/\/alkaline.lv\/en\/wp-json\/wp\/v2\/media\/6099"}],"wp:attachment":[{"href":"https:\/\/alkaline.lv\/en\/wp-json\/wp\/v2\/media?parent=6098"}],"wp:term":[{"taxonomy":"product_cat","embeddable":true,"href":"https:\/\/alkaline.lv\/en\/wp-json\/wp\/v2\/product_cat?post=6098"},{"taxonomy":"product_tag","embeddable":true,"href":"https:\/\/alkaline.lv\/en\/wp-json\/wp\/v2\/product_tag?post=6098"}],"curies":[{"name":"wp","href":"https:\/\/api.w.org\/{rel}","templated":true}]}}