{"id":6106,"date":"2021-09-01T14:48:52","date_gmt":"2021-09-01T11:48:52","guid":{"rendered":"https:\/\/alkaline.lv\/?post_type=product&#038;p=6106"},"modified":"2022-11-22T00:13:38","modified_gmt":"2022-11-21T22:13:38","slug":"limlentes-turetajs-3m-scotch","status":"publish","type":"product","link":"https:\/\/alkaline.lv\/en\/products\/limlentes-turetajs-3m-scotch\/","title":{"rendered":"L\u012bmlentes tur\u0113t\u0101js 3M Scotch, 50mm x 66m + 2 l\u012bmlentes"},"content":{"rendered":"<div class=\"PRODUCT__description desc description\">\n<div class=\"PRODUCT__description desc description\">\n<div id=\"product-c4cca8047e68a934ad8184d5e5f90d8e\">\n<div class=\"PRODUCT__description desc description\">\n<div id=\"product-126d31f9776461d8956d5e3843be0d2a-full\">\n<div class=\"PRODUCT__description desc description\">\n<div id=\"product-4ad801946f5e4db538311ada6b166831\">\n<div class=\"PRODUCT__description desc description\">\n<div id=\"product-76286c5f4fded0b3d8e4ad9f63c062d0\">\n<div class=\"PRODUCT__description desc description\">\n<div id=\"product-cdd300fb231007b36ce341ddfd0351dc\">\n<div class=\"PRODUCT__description desc description\">\n<div id=\"product-0b8c6c1b8d7e904e61087d7296f93257\">\n<div id=\"product-0b8c6c1b8d7e904e61087d7296f93257\">\u0112rti lietojams iepako\u0161anas l\u012bmlentes tur\u0113t\u0101js<br \/>\nBr\u016bn\u0101 kr\u0101s\u0101<br \/>\nKomplekt\u0101 2 l\u012bmlentes ru\u013c\u013ci 50 mm x 66 m<\/div>\n<\/div>\n<\/div>\n<\/div>\n<\/div>\n<\/div>\n<p>&nbsp;<\/p>\n<\/div>\n<div class=\"PRODUCT__actions\">\n<div class=\"PRODUCT__actions-item\"><\/div>\n<\/div>\n<\/div>\n<p>&nbsp;<\/p>\n<\/div>\n<div class=\"PRODUCT__actions\">\n<div class=\"PRODUCT__actions-item\"><\/div>\n<\/div>\n<\/div>\n<\/div>\n<\/div>\n<\/div>\n<\/div>\n","protected":false},"excerpt":{"rendered":"<p>\u0112rti lietojams iepako\u0161anas l\u012bmlentes tur\u0113t\u0101js Br\u016bn\u0101 kr\u0101s\u0101 Komplekt\u0101 2 l\u012bmlentes ru\u013c\u013ci 50 mm x 66 m &nbsp; &nbsp;<\/p>\n","protected":false},"featured_media":6107,"template":"","meta":{"inline_featured_image":false},"product_cat":[587],"product_tag":[],"class_list":{"0":"post-6106","1":"product","2":"type-product","3":"status-publish","4":"has-post-thumbnail","6":"product_cat-limlentes-turetaji-2","8":"first","9":"instock","10":"taxable","11":"shipping-taxable","12":"purchasable","13":"product-type-simple","14":"add-to-wishlist-after_add_to_cart"},"_links":{"self":[{"href":"https:\/\/alkaline.lv\/en\/wp-json\/wp\/v2\/product\/6106","targetHints":{"allow":["GET"]}}],"collection":[{"href":"https:\/\/alkaline.lv\/en\/wp-json\/wp\/v2\/product"}],"about":[{"href":"https:\/\/alkaline.lv\/en\/wp-json\/wp\/v2\/types\/product"}],"wp:featuredmedia":[{"embeddable":true,"href":"https:\/\/alkaline.lv\/en\/wp-json\/wp\/v2\/media\/6107"}],"wp:attachment":[{"href":"https:\/\/alkaline.lv\/en\/wp-json\/wp\/v2\/media?parent=6106"}],"wp:term":[{"taxonomy":"product_cat","embeddable":true,"href":"https:\/\/alkaline.lv\/en\/wp-json\/wp\/v2\/product_cat?post=6106"},{"taxonomy":"product_tag","embeddable":true,"href":"https:\/\/alkaline.lv\/en\/wp-json\/wp\/v2\/product_tag?post=6106"}],"curies":[{"name":"wp","href":"https:\/\/api.w.org\/{rel}","templated":true}]}}