{"id":6160,"date":"2021-09-03T10:39:00","date_gmt":"2021-09-03T07:39:00","guid":{"rendered":"https:\/\/alkaline.lv\/?post_type=product&#038;p=6160"},"modified":"2022-11-21T16:44:32","modified_gmt":"2022-11-21T14:44:32","slug":"limlente-tesafilm-standard-caurspidiga-8-x-10m-x-19mm","status":"publish","type":"product","link":"https:\/\/alkaline.lv\/en\/products\/limlente-tesafilm-standard-caurspidiga-8-x-10m-x-19mm\/","title":{"rendered":"L\u012bmlente Tesafilm Standard, 8 x 10m x 19mm, caursp\u012bd\u012bga"},"content":{"rendered":"<p>Var izmantot m\u0101j\u0101s, skol\u0101 vai biroj\u0101<br \/>\nNav PVC \u0161\u0137\u012bdin\u0101t\u0101ju<br \/>\nLaba sa\u0137ere un augsta iztur\u012bba pret UV stariem<br \/>\nPiem\u0113rota jebkuram tesafilm l\u012bmlentes tur\u0113t\u0101jam<\/p>\n","protected":false},"excerpt":{"rendered":"<div class=\"item_meta\"><\/div>\n","protected":false},"featured_media":6163,"template":"","meta":{"inline_featured_image":false},"product_cat":[324],"product_tag":[],"class_list":{"0":"post-6160","1":"product","2":"type-product","3":"status-publish","4":"has-post-thumbnail","6":"product_cat-limlentes-galda","8":"first","9":"instock","10":"taxable","11":"shipping-taxable","12":"purchasable","13":"product-type-simple","14":"add-to-wishlist-after_add_to_cart"},"_links":{"self":[{"href":"https:\/\/alkaline.lv\/en\/wp-json\/wp\/v2\/product\/6160"}],"collection":[{"href":"https:\/\/alkaline.lv\/en\/wp-json\/wp\/v2\/product"}],"about":[{"href":"https:\/\/alkaline.lv\/en\/wp-json\/wp\/v2\/types\/product"}],"wp:featuredmedia":[{"embeddable":true,"href":"https:\/\/alkaline.lv\/en\/wp-json\/wp\/v2\/media\/6163"}],"wp:attachment":[{"href":"https:\/\/alkaline.lv\/en\/wp-json\/wp\/v2\/media?parent=6160"}],"wp:term":[{"taxonomy":"product_cat","embeddable":true,"href":"https:\/\/alkaline.lv\/en\/wp-json\/wp\/v2\/product_cat?post=6160"},{"taxonomy":"product_tag","embeddable":true,"href":"https:\/\/alkaline.lv\/en\/wp-json\/wp\/v2\/product_tag?post=6160"}],"curies":[{"name":"wp","href":"https:\/\/api.w.org\/{rel}","templated":true}]}}