{"id":6178,"date":"2021-09-03T10:56:33","date_gmt":"2021-09-03T07:56:33","guid":{"rendered":"https:\/\/alkaline.lv\/?post_type=product&#038;p=6178"},"modified":"2022-11-21T16:16:44","modified_gmt":"2022-11-21T14:16:44","slug":"limlente-apli-19mm-x-33m-caurspidiga","status":"publish","type":"product","link":"https:\/\/alkaline.lv\/en\/products\/limlente-apli-19mm-x-33m-caurspidiga\/","title":{"rendered":"L\u012bmlente APLI, 19mm x 33m, caursp\u012bd\u012bga"},"content":{"rendered":"<p>Ide\u0101li piem\u0113rota ikdienas lieto\u0161anai m\u0101j\u0101s, biroj\u0101 vai skol\u0101<br \/>\nViegli nopl\u0113st bez \u0161\u0137\u0113r\u0113m<br \/>\nNepaliek dzeltena laika gait\u0101<\/p>\n","protected":false},"excerpt":{"rendered":"<p>Ide\u0101li piem\u0113rota ikdienas lieto\u0161anai m\u0101j\u0101s, biroj\u0101 vai skol\u0101 Viegli nopl\u0113st bez \u0161\u0137\u0113r\u0113m Nepaliek dzeltena laika gait\u0101<\/p>\n","protected":false},"featured_media":6179,"template":"","meta":{"inline_featured_image":false},"product_cat":[324],"product_tag":[],"class_list":{"0":"post-6178","1":"product","2":"type-product","3":"status-publish","4":"has-post-thumbnail","6":"product_cat-limlentes-galda","8":"first","9":"instock","10":"taxable","11":"shipping-taxable","12":"purchasable","13":"product-type-simple","14":"add-to-wishlist-after_add_to_cart"},"_links":{"self":[{"href":"https:\/\/alkaline.lv\/en\/wp-json\/wp\/v2\/product\/6178","targetHints":{"allow":["GET"]}}],"collection":[{"href":"https:\/\/alkaline.lv\/en\/wp-json\/wp\/v2\/product"}],"about":[{"href":"https:\/\/alkaline.lv\/en\/wp-json\/wp\/v2\/types\/product"}],"wp:featuredmedia":[{"embeddable":true,"href":"https:\/\/alkaline.lv\/en\/wp-json\/wp\/v2\/media\/6179"}],"wp:attachment":[{"href":"https:\/\/alkaline.lv\/en\/wp-json\/wp\/v2\/media?parent=6178"}],"wp:term":[{"taxonomy":"product_cat","embeddable":true,"href":"https:\/\/alkaline.lv\/en\/wp-json\/wp\/v2\/product_cat?post=6178"},{"taxonomy":"product_tag","embeddable":true,"href":"https:\/\/alkaline.lv\/en\/wp-json\/wp\/v2\/product_tag?post=6178"}],"curies":[{"name":"wp","href":"https:\/\/api.w.org\/{rel}","templated":true}]}}