{"id":6223,"date":"2021-09-14T14:56:33","date_gmt":"2021-09-14T11:56:33","guid":{"rendered":"https:\/\/alkaline.lv\/?post_type=product&#038;p=6223"},"modified":"2022-06-10T14:46:30","modified_gmt":"2022-06-10T11:46:30","slug":"vaska-kritini-patio-colorino-12-krasas","status":"publish","type":"product","link":"https:\/\/alkaline.lv\/en\/products\/vaska-kritini-patio-colorino-12-krasas\/","title":{"rendered":"Vaska kr\u012bti\u0146i PATIO COLORINO 12 kr\u0101sas"},"content":{"rendered":"<div class=\"PRODUCT__description desc description\">\n<div id=\"product-f58a43c6e9addca3d972ffea7791542a\"><\/div>\n<\/div>\n<div class=\"PRODUCT__actions\">\n<div class=\"PRODUCT__actions-item\">Atbilst EN 71-3 standartam<\/div>\n<\/div>\n","protected":false},"excerpt":{"rendered":"<div class=\"item_meta\">Cena ar PVN <span style=\"color: #ff0000;\"><strong>1,04 \u20ac<\/strong><\/span><\/div>\n","protected":false},"featured_media":6224,"template":"","meta":{"inline_featured_image":false},"product_cat":[329],"product_tag":[],"class_list":{"0":"post-6223","1":"product","2":"type-product","3":"status-publish","4":"has-post-thumbnail","6":"product_cat-kritini-un-tafelu-krits","8":"first","9":"outofstock","10":"taxable","11":"shipping-taxable","12":"purchasable","13":"product-type-simple","14":"add-to-wishlist-after_add_to_cart"},"_links":{"self":[{"href":"https:\/\/alkaline.lv\/en\/wp-json\/wp\/v2\/product\/6223"}],"collection":[{"href":"https:\/\/alkaline.lv\/en\/wp-json\/wp\/v2\/product"}],"about":[{"href":"https:\/\/alkaline.lv\/en\/wp-json\/wp\/v2\/types\/product"}],"wp:featuredmedia":[{"embeddable":true,"href":"https:\/\/alkaline.lv\/en\/wp-json\/wp\/v2\/media\/6224"}],"wp:attachment":[{"href":"https:\/\/alkaline.lv\/en\/wp-json\/wp\/v2\/media?parent=6223"}],"wp:term":[{"taxonomy":"product_cat","embeddable":true,"href":"https:\/\/alkaline.lv\/en\/wp-json\/wp\/v2\/product_cat?post=6223"},{"taxonomy":"product_tag","embeddable":true,"href":"https:\/\/alkaline.lv\/en\/wp-json\/wp\/v2\/product_tag?post=6223"}],"curies":[{"name":"wp","href":"https:\/\/api.w.org\/{rel}","templated":true}]}}