{"id":6251,"date":"2021-09-14T15:49:39","date_gmt":"2021-09-14T12:49:39","guid":{"rendered":"https:\/\/alkaline.lv\/?post_type=product&#038;p=6251"},"modified":"2021-09-14T15:50:46","modified_gmt":"2021-09-14T12:50:46","slug":"plastilins-gamma-multenes-12-krasas","status":"publish","type":"product","link":"https:\/\/alkaline.lv\/en\/products\/plastilins-gamma-multenes-12-krasas\/","title":{"rendered":"Plastil\u012bns GAMMA Multenes, 12 kr\u0101sas"},"content":{"rendered":"<div class=\"PRODUCT__description desc description\">\n<div id=\"product-f58a43c6e9addca3d972ffea7791542a\">\n<div class=\"PRODUCT__description desc description\">\n<div id=\"product-3bf704b6f7285ccb7ff10aef5158c015-full\">\n<div class=\"PRODUCT__description desc description\">\n<div id=\"product-3bf704b6f7285ccb7ff10aef5158c015-full\">\n<div class=\"PRODUCT__description desc description\">\u0100tri k\u013c\u016bst m\u012bksts, nesm\u0113r\u0113 rokas, netoksisks, 200 gr.<\/div>\n<div class=\"PRODUCT__actions\">\n<div class=\"PRODUCT__actions-item\">\n<div class=\"PRODUCT__description desc description\">\n<div id=\"product-5876598c3a3d9c3d34d54ba496fe0e4c\"><\/div>\n<p>&nbsp;<\/p>\n<\/div>\n<div class=\"PRODUCT__actions\">\n<div class=\"PRODUCT__actions-item\"><\/div>\n<\/div>\n<\/div>\n<\/div>\n<\/div>\n<\/div>\n<\/div>\n<div class=\"PRODUCT__actions\">\n<div class=\"PRODUCT__actions-item\"><\/div>\n<\/div>\n<\/div>\n<div class=\"PRODUCT__actions\">\n<div class=\"PRODUCT__actions-item\"><\/div>\n<\/div>\n<\/div>\n<\/div>\n","protected":false},"excerpt":{"rendered":"<div class=\"item_meta\">Cena ar PVN <span style=\"color: #ff0000;\"><strong>3,82 \u20ac<\/strong><\/span><\/div>\n","protected":false},"featured_media":6252,"template":"","meta":{"inline_featured_image":false},"product_cat":[330],"product_tag":[],"class_list":{"0":"post-6251","1":"product","2":"type-product","3":"status-publish","4":"has-post-thumbnail","6":"product_cat-plastilins","8":"first","9":"instock","10":"taxable","11":"shipping-taxable","12":"purchasable","13":"product-type-simple","14":"add-to-wishlist-after_add_to_cart"},"_links":{"self":[{"href":"https:\/\/alkaline.lv\/en\/wp-json\/wp\/v2\/product\/6251"}],"collection":[{"href":"https:\/\/alkaline.lv\/en\/wp-json\/wp\/v2\/product"}],"about":[{"href":"https:\/\/alkaline.lv\/en\/wp-json\/wp\/v2\/types\/product"}],"wp:featuredmedia":[{"embeddable":true,"href":"https:\/\/alkaline.lv\/en\/wp-json\/wp\/v2\/media\/6252"}],"wp:attachment":[{"href":"https:\/\/alkaline.lv\/en\/wp-json\/wp\/v2\/media?parent=6251"}],"wp:term":[{"taxonomy":"product_cat","embeddable":true,"href":"https:\/\/alkaline.lv\/en\/wp-json\/wp\/v2\/product_cat?post=6251"},{"taxonomy":"product_tag","embeddable":true,"href":"https:\/\/alkaline.lv\/en\/wp-json\/wp\/v2\/product_tag?post=6251"}],"curies":[{"name":"wp","href":"https:\/\/api.w.org\/{rel}","templated":true}]}}