{"id":6268,"date":"2021-09-14T16:22:00","date_gmt":"2021-09-14T13:22:00","guid":{"rendered":"https:\/\/alkaline.lv\/?post_type=product&#038;p=6268"},"modified":"2022-05-31T21:12:26","modified_gmt":"2022-05-31T18:12:26","slug":"akvarelu-krasas-centrum-12-krasa","status":"publish","type":"product","link":"https:\/\/alkaline.lv\/en\/products\/akvarelu-krasas-centrum-12-krasa\/","title":{"rendered":"Akvare\u013cu kr\u0101sas CENTRUM, 12 kr\u0101sa"},"content":{"rendered":"<div class=\"PRODUCT__description desc description\">\n<div id=\"product-f58a43c6e9addca3d972ffea7791542a\">\n<div class=\"PRODUCT__description desc description\">\n<div id=\"product-3bf704b6f7285ccb7ff10aef5158c015-full\">\n<div class=\"PRODUCT__description desc description\">\n<div id=\"product-3bf704b6f7285ccb7ff10aef5158c015-full\">\n<div class=\"PRODUCT__description desc description\">\n<div class=\"PRODUCT__description desc description\">\n<div class=\"PRODUCT__description desc description\">\n<div id=\"product-0dcdacb34196e0f79e62c7fee68d9979\">Atbilst EN 71-3 standartam<\/div>\n<\/div>\n<\/div>\n<div class=\"PRODUCT__actions\">\n<div class=\"PRODUCT__actions-item\"><\/div>\n<\/div>\n<\/div>\n<\/div>\n<\/div>\n<\/div>\n<div class=\"PRODUCT__actions\">\n<div class=\"PRODUCT__actions-item\"><\/div>\n<\/div>\n<\/div>\n<div class=\"PRODUCT__actions\">\n<div class=\"PRODUCT__actions-item\"><\/div>\n<\/div>\n<\/div>\n<\/div>\n","protected":false},"excerpt":{"rendered":"<div class=\"item_meta\">Cena ar PVN <span style=\"color: #ff0000;\"><strong>1,40 \u20ac<\/strong><\/span><\/div>\n","protected":false},"featured_media":6269,"template":"","meta":{"inline_featured_image":false},"product_cat":[332],"product_tag":[],"class_list":{"0":"post-6268","1":"product","2":"type-product","3":"status-publish","4":"has-post-thumbnail","6":"product_cat-alvarelkrasas","8":"first","9":"outofstock","10":"taxable","11":"shipping-taxable","12":"purchasable","13":"product-type-simple","14":"add-to-wishlist-after_add_to_cart"},"_links":{"self":[{"href":"https:\/\/alkaline.lv\/en\/wp-json\/wp\/v2\/product\/6268"}],"collection":[{"href":"https:\/\/alkaline.lv\/en\/wp-json\/wp\/v2\/product"}],"about":[{"href":"https:\/\/alkaline.lv\/en\/wp-json\/wp\/v2\/types\/product"}],"wp:featuredmedia":[{"embeddable":true,"href":"https:\/\/alkaline.lv\/en\/wp-json\/wp\/v2\/media\/6269"}],"wp:attachment":[{"href":"https:\/\/alkaline.lv\/en\/wp-json\/wp\/v2\/media?parent=6268"}],"wp:term":[{"taxonomy":"product_cat","embeddable":true,"href":"https:\/\/alkaline.lv\/en\/wp-json\/wp\/v2\/product_cat?post=6268"},{"taxonomy":"product_tag","embeddable":true,"href":"https:\/\/alkaline.lv\/en\/wp-json\/wp\/v2\/product_tag?post=6268"}],"curies":[{"name":"wp","href":"https:\/\/api.w.org\/{rel}","templated":true}]}}