{"id":6298,"date":"2021-09-14T17:08:12","date_gmt":"2021-09-14T14:08:12","guid":{"rendered":"https:\/\/alkaline.lv\/?post_type=product&#038;p=6298"},"modified":"2022-07-12T13:27:16","modified_gmt":"2022-07-12T10:27:16","slug":"flomasteri-pentel-arts-12-krasas","status":"publish","type":"product","link":"https:\/\/alkaline.lv\/en\/products\/flomasteri-pentel-arts-12-krasas\/","title":{"rendered":"Flom\u0101steri CARIOCA MAGIC, 20 kr\u0101sas + 2 burvju mar\u0137ieri"},"content":{"rendered":"<div class=\"PRODUCT__description desc description\">\n<div id=\"product-f58a43c6e9addca3d972ffea7791542a\">\n<div class=\"PRODUCT__description desc description\">\n<div id=\"product-3bf704b6f7285ccb7ff10aef5158c015-full\">\n<div class=\"PRODUCT__description desc description\">\n<div id=\"product-3bf704b6f7285ccb7ff10aef5158c015-full\">\n<div class=\"PRODUCT__description desc description\">\n<div class=\"PRODUCT__description desc description\">\n<div class=\"PRODUCT__description desc description\">\n<div id=\"product-0dcdacb34196e0f79e62c7fee68d9979\">Flomasteri CARIOCA MAGIC.<br \/>\n20 da\u017e\u0101du kr\u0101su kast\u012bte.<br \/>\nPievienoti 2 burvju mar\u0137ieri: 1 KR\u0100SAS MAIN\u012a\u0160ANA Kr\u0101su main\u012bg\u0101 kr\u0101su mar\u0137ieris un 1 Dz\u0113\u0161amais burvju mar\u0137ieris, kas izdz\u0113\u0161 tinti.<br \/>\nUzgalis &#8211; \u00d8 6 mm.<br \/>\nNosprostots uzgalis un ventil\u0113jams p\u0101rsegs.<\/div>\n<\/div>\n<\/div>\n<\/div>\n<\/div>\n<\/div>\n<\/div>\n<\/div>\n<div class=\"PRODUCT__actions\">\n<div class=\"PRODUCT__actions-item\"><\/div>\n<\/div>\n<\/div>\n<\/div>\n","protected":false},"excerpt":{"rendered":"<div class=\"item_meta\">Cena ar PVN <span style=\"color: #ff0000;\"><strong>5,93 \u20ac<\/strong><\/span><\/div>\n","protected":false},"featured_media":6597,"template":"","meta":{"inline_featured_image":false},"product_cat":[335],"product_tag":[],"class_list":{"0":"post-6298","1":"product","2":"type-product","3":"status-publish","4":"has-post-thumbnail","6":"product_cat-flomasteri","8":"first","9":"outofstock","10":"taxable","11":"shipping-taxable","12":"purchasable","13":"product-type-simple","14":"add-to-wishlist-after_add_to_cart"},"_links":{"self":[{"href":"https:\/\/alkaline.lv\/en\/wp-json\/wp\/v2\/product\/6298"}],"collection":[{"href":"https:\/\/alkaline.lv\/en\/wp-json\/wp\/v2\/product"}],"about":[{"href":"https:\/\/alkaline.lv\/en\/wp-json\/wp\/v2\/types\/product"}],"wp:featuredmedia":[{"embeddable":true,"href":"https:\/\/alkaline.lv\/en\/wp-json\/wp\/v2\/media\/6597"}],"wp:attachment":[{"href":"https:\/\/alkaline.lv\/en\/wp-json\/wp\/v2\/media?parent=6298"}],"wp:term":[{"taxonomy":"product_cat","embeddable":true,"href":"https:\/\/alkaline.lv\/en\/wp-json\/wp\/v2\/product_cat?post=6298"},{"taxonomy":"product_tag","embeddable":true,"href":"https:\/\/alkaline.lv\/en\/wp-json\/wp\/v2\/product_tag?post=6298"}],"curies":[{"name":"wp","href":"https:\/\/api.w.org\/{rel}","templated":true}]}}