{"id":6331,"date":"2021-09-17T11:13:49","date_gmt":"2021-09-17T08:13:49","guid":{"rendered":"https:\/\/alkaline.lv\/?post_type=product&#038;p=6331"},"modified":"2021-09-17T17:03:20","modified_gmt":"2021-09-17T14:03:20","slug":"parastie-zimuli","status":"publish","type":"product","link":"https:\/\/alkaline.lv\/en\/products\/parastie-zimuli\/","title":{"rendered":"Z\u012bmu\u013ci NATARAJ Marble, ar dz\u0113\u0161gumiju, HB, 12gab."},"content":{"rendered":"<p>Z\u012bmu\u013cu asin\u0101mais komplekt\u0101<br \/>\n12 gab\/iepakojum\u0101<\/p>\n","protected":false},"excerpt":{"rendered":"<div class=\"item_meta\">Cena ar PVN <span style=\"color: #ff0000;\"><strong>3,41 \u20ac<\/strong><\/span><\/div>\n","protected":false},"featured_media":6445,"template":"","meta":{"inline_featured_image":false},"product_cat":[347],"product_tag":[],"class_list":{"0":"post-6331","1":"product","2":"type-product","3":"status-publish","4":"has-post-thumbnail","6":"product_cat-parastie-zimuli","8":"first","9":"instock","10":"taxable","11":"shipping-taxable","12":"purchasable","13":"product-type-simple","14":"add-to-wishlist-after_add_to_cart"},"_links":{"self":[{"href":"https:\/\/alkaline.lv\/en\/wp-json\/wp\/v2\/product\/6331"}],"collection":[{"href":"https:\/\/alkaline.lv\/en\/wp-json\/wp\/v2\/product"}],"about":[{"href":"https:\/\/alkaline.lv\/en\/wp-json\/wp\/v2\/types\/product"}],"wp:featuredmedia":[{"embeddable":true,"href":"https:\/\/alkaline.lv\/en\/wp-json\/wp\/v2\/media\/6445"}],"wp:attachment":[{"href":"https:\/\/alkaline.lv\/en\/wp-json\/wp\/v2\/media?parent=6331"}],"wp:term":[{"taxonomy":"product_cat","embeddable":true,"href":"https:\/\/alkaline.lv\/en\/wp-json\/wp\/v2\/product_cat?post=6331"},{"taxonomy":"product_tag","embeddable":true,"href":"https:\/\/alkaline.lv\/en\/wp-json\/wp\/v2\/product_tag?post=6331"}],"curies":[{"name":"wp","href":"https:\/\/api.w.org\/{rel}","templated":true}]}}