{"id":6380,"date":"2021-09-17T14:42:35","date_gmt":"2021-09-17T11:42:35","guid":{"rendered":"https:\/\/alkaline.lv\/?post_type=product&#038;p=6380"},"modified":"2021-09-17T15:07:18","modified_gmt":"2021-09-17T12:07:18","slug":"zimulu-asinamais-dubultais-ar-konteineru-kores-deposito","status":"publish","type":"product","link":"https:\/\/alkaline.lv\/en\/products\/zimulu-asinamais-dubultais-ar-konteineru-kores-deposito\/","title":{"rendered":"Z\u012bmu\u013cu asin\u0101mais KORES Deposito, dubultais ar konteineru"},"content":{"rendered":"<div class=\"PRODUCT__description desc description\">\n<div id=\"product-d359b07315c59f15e5593141a793c060\">Izgatavots no plastmasas<br \/>\nDivas atveres<br \/>\nAr rezervu\u0101ru<br \/>\nAsorti korpuss<\/div>\n<p>&nbsp;<\/p>\n<\/div>\n<div class=\"PRODUCT__actions\">\n<div class=\"PRODUCT__actions-item\"><\/div>\n<\/div>\n","protected":false},"excerpt":{"rendered":"<div class=\"item_meta\">Cena ar PVN <span style=\"color: #ff0000;\"><strong>1,49 \u20ac<\/strong><\/span><\/div>\n","protected":false},"featured_media":6381,"template":"","meta":{"inline_featured_image":false},"product_cat":[343],"product_tag":[],"class_list":{"0":"post-6380","1":"product","2":"type-product","3":"status-publish","4":"has-post-thumbnail","6":"product_cat-zimulu-asinamie","8":"first","9":"instock","10":"taxable","11":"shipping-taxable","12":"purchasable","13":"product-type-simple","14":"add-to-wishlist-after_add_to_cart"},"_links":{"self":[{"href":"https:\/\/alkaline.lv\/en\/wp-json\/wp\/v2\/product\/6380","targetHints":{"allow":["GET"]}}],"collection":[{"href":"https:\/\/alkaline.lv\/en\/wp-json\/wp\/v2\/product"}],"about":[{"href":"https:\/\/alkaline.lv\/en\/wp-json\/wp\/v2\/types\/product"}],"wp:featuredmedia":[{"embeddable":true,"href":"https:\/\/alkaline.lv\/en\/wp-json\/wp\/v2\/media\/6381"}],"wp:attachment":[{"href":"https:\/\/alkaline.lv\/en\/wp-json\/wp\/v2\/media?parent=6380"}],"wp:term":[{"taxonomy":"product_cat","embeddable":true,"href":"https:\/\/alkaline.lv\/en\/wp-json\/wp\/v2\/product_cat?post=6380"},{"taxonomy":"product_tag","embeddable":true,"href":"https:\/\/alkaline.lv\/en\/wp-json\/wp\/v2\/product_tag?post=6380"}],"curies":[{"name":"wp","href":"https:\/\/api.w.org\/{rel}","templated":true}]}}