{"id":6388,"date":"2021-09-17T15:00:07","date_gmt":"2021-09-17T12:00:07","guid":{"rendered":"https:\/\/alkaline.lv\/?post_type=product&#038;p=6388"},"modified":"2022-07-12T13:09:06","modified_gmt":"2022-07-12T10:09:06","slug":"zimulu-asinamais-ergo-dubults","status":"publish","type":"product","link":"https:\/\/alkaline.lv\/en\/products\/zimulu-asinamais-ergo-dubults\/","title":{"rendered":"Z\u012bmu\u013cu asin\u0101mais ERGO, dubults"},"content":{"rendered":"<div class=\"PRODUCT__description desc description\">\n<div id=\"product-d359b07315c59f15e5593141a793c060\">Izgatavots no met\u0101la<br \/>\nDivas atveres<\/div>\n<p>&nbsp;<\/p>\n<\/div>\n<div class=\"PRODUCT__actions\">\n<div class=\"PRODUCT__actions-item\"><\/div>\n<\/div>\n","protected":false},"excerpt":{"rendered":"<div class=\"item_meta\">Cena ar PVN <span style=\"color: #ff0000;\"><strong>1,19 \u20ac<\/strong><\/span><\/div>\n","protected":false},"featured_media":6390,"template":"","meta":{"inline_featured_image":false},"product_cat":[343],"product_tag":[],"class_list":{"0":"post-6388","1":"product","2":"type-product","3":"status-publish","4":"has-post-thumbnail","6":"product_cat-zimulu-asinamie","8":"first","9":"instock","10":"taxable","11":"shipping-taxable","12":"purchasable","13":"product-type-simple","14":"add-to-wishlist-after_add_to_cart"},"_links":{"self":[{"href":"https:\/\/alkaline.lv\/en\/wp-json\/wp\/v2\/product\/6388","targetHints":{"allow":["GET"]}}],"collection":[{"href":"https:\/\/alkaline.lv\/en\/wp-json\/wp\/v2\/product"}],"about":[{"href":"https:\/\/alkaline.lv\/en\/wp-json\/wp\/v2\/types\/product"}],"wp:featuredmedia":[{"embeddable":true,"href":"https:\/\/alkaline.lv\/en\/wp-json\/wp\/v2\/media\/6390"}],"wp:attachment":[{"href":"https:\/\/alkaline.lv\/en\/wp-json\/wp\/v2\/media?parent=6388"}],"wp:term":[{"taxonomy":"product_cat","embeddable":true,"href":"https:\/\/alkaline.lv\/en\/wp-json\/wp\/v2\/product_cat?post=6388"},{"taxonomy":"product_tag","embeddable":true,"href":"https:\/\/alkaline.lv\/en\/wp-json\/wp\/v2\/product_tag?post=6388"}],"curies":[{"name":"wp","href":"https:\/\/api.w.org\/{rel}","templated":true}]}}