{"id":6401,"date":"2021-09-17T15:57:47","date_gmt":"2021-09-17T12:57:47","guid":{"rendered":"https:\/\/alkaline.lv\/?post_type=product&#038;p=6401"},"modified":"2022-07-12T13:08:55","modified_gmt":"2022-07-12T10:08:55","slug":"mehaniskais-zimulis-zebra-tapli-clip-hb-0-5mm","status":"publish","type":"product","link":"https:\/\/alkaline.lv\/en\/products\/mehaniskais-zimulis-zebra-tapli-clip-hb-0-5mm\/","title":{"rendered":"Meh\u0101niskais z\u012bmulis ZEBRA TAPLI CLIP, HB, 0.5mm"},"content":{"rendered":"<p>Caursp\u012bd\u012bgs da\u017e\u0101du kr\u0101su korpuss<br \/>\nErgonomiska gumijota satv\u0113riena zona<br \/>\nPiln\u012bb\u0101 ievelkamais gals pasarg\u0101 ap\u0123\u0113rbu no boj\u0101jumiem<br \/>\nAr dz\u0113\u0161gumiju<br \/>\nGraf\u012bta diametrs \u2013 0.5 mm, ciet\u012bba \u2013 HB<\/p>\n","protected":false},"excerpt":{"rendered":"<div class=\"item_meta\">Cena ar PVN <span style=\"color: #ff0000;\"><strong>2,00 \u20ac<\/strong><\/span><\/div>\n","protected":false},"featured_media":6402,"template":"","meta":{"inline_featured_image":false},"product_cat":[346],"product_tag":[],"class_list":{"0":"post-6401","1":"product","2":"type-product","3":"status-publish","4":"has-post-thumbnail","6":"product_cat-mehaniskie-zimuli","8":"first","9":"instock","10":"taxable","11":"shipping-taxable","12":"purchasable","13":"product-type-simple","14":"add-to-wishlist-after_add_to_cart"},"_links":{"self":[{"href":"https:\/\/alkaline.lv\/en\/wp-json\/wp\/v2\/product\/6401"}],"collection":[{"href":"https:\/\/alkaline.lv\/en\/wp-json\/wp\/v2\/product"}],"about":[{"href":"https:\/\/alkaline.lv\/en\/wp-json\/wp\/v2\/types\/product"}],"wp:featuredmedia":[{"embeddable":true,"href":"https:\/\/alkaline.lv\/en\/wp-json\/wp\/v2\/media\/6402"}],"wp:attachment":[{"href":"https:\/\/alkaline.lv\/en\/wp-json\/wp\/v2\/media?parent=6401"}],"wp:term":[{"taxonomy":"product_cat","embeddable":true,"href":"https:\/\/alkaline.lv\/en\/wp-json\/wp\/v2\/product_cat?post=6401"},{"taxonomy":"product_tag","embeddable":true,"href":"https:\/\/alkaline.lv\/en\/wp-json\/wp\/v2\/product_tag?post=6401"}],"curies":[{"name":"wp","href":"https:\/\/api.w.org\/{rel}","templated":true}]}}