{"id":6405,"date":"2021-09-17T16:02:17","date_gmt":"2021-09-17T13:02:17","guid":{"rendered":"https:\/\/alkaline.lv\/?post_type=product&#038;p=6405"},"modified":"2022-07-12T13:08:53","modified_gmt":"2022-07-12T10:08:53","slug":"mehaniskais-zimulis-pilot-super-grip-0-7mm","status":"publish","type":"product","link":"https:\/\/alkaline.lv\/en\/products\/mehaniskais-zimulis-pilot-super-grip-0-7mm\/","title":{"rendered":"Meh\u0101niskais z\u012bmulis PILOT SUPER GRIP, 0.7mm"},"content":{"rendered":"<div class=\"PRODUCT__description desc description\">\n<div id=\"product-03d7a337bef71c7eeb619f2b188b04c5\">Piln\u012bb\u0101 ievelkams gals pasarg\u0101 ap\u0123\u0113rbu no boj\u0101jumiem<br \/>\nErgonomiska gumijota satv\u0113riena zona<br \/>\nAr dz\u0113\u0161gumiju<br \/>\nCiet\u012bba HB<\/div>\n<p>&nbsp;<\/p>\n<\/div>\n<div class=\"PRODUCT__actions\">\n<div class=\"PRODUCT__actions-item\"><\/div>\n<\/div>\n","protected":false},"excerpt":{"rendered":"<div class=\"item_meta\">Cena ar PVN <span style=\"color: #ff0000;\"><strong>2,32 \u20ac<\/strong><\/span><\/div>\n","protected":false},"featured_media":6406,"template":"","meta":{"inline_featured_image":false},"product_cat":[346],"product_tag":[],"class_list":{"0":"post-6405","1":"product","2":"type-product","3":"status-publish","4":"has-post-thumbnail","6":"product_cat-mehaniskie-zimuli","8":"first","9":"instock","10":"taxable","11":"shipping-taxable","12":"purchasable","13":"product-type-simple","14":"add-to-wishlist-after_add_to_cart"},"_links":{"self":[{"href":"https:\/\/alkaline.lv\/en\/wp-json\/wp\/v2\/product\/6405","targetHints":{"allow":["GET"]}}],"collection":[{"href":"https:\/\/alkaline.lv\/en\/wp-json\/wp\/v2\/product"}],"about":[{"href":"https:\/\/alkaline.lv\/en\/wp-json\/wp\/v2\/types\/product"}],"wp:featuredmedia":[{"embeddable":true,"href":"https:\/\/alkaline.lv\/en\/wp-json\/wp\/v2\/media\/6406"}],"wp:attachment":[{"href":"https:\/\/alkaline.lv\/en\/wp-json\/wp\/v2\/media?parent=6405"}],"wp:term":[{"taxonomy":"product_cat","embeddable":true,"href":"https:\/\/alkaline.lv\/en\/wp-json\/wp\/v2\/product_cat?post=6405"},{"taxonomy":"product_tag","embeddable":true,"href":"https:\/\/alkaline.lv\/en\/wp-json\/wp\/v2\/product_tag?post=6405"}],"curies":[{"name":"wp","href":"https:\/\/api.w.org\/{rel}","templated":true}]}}