{"id":6411,"date":"2021-09-17T16:12:47","date_gmt":"2021-09-17T13:12:47","guid":{"rendered":"https:\/\/alkaline.lv\/?post_type=product&#038;p=6411"},"modified":"2022-07-12T13:09:01","modified_gmt":"2022-07-12T10:09:01","slug":"mehaniskais-zimulis-staedtler-graphite-777-b-0-7mm","status":"publish","type":"product","link":"https:\/\/alkaline.lv\/en\/products\/mehaniskais-zimulis-staedtler-graphite-777-b-0-7mm\/","title":{"rendered":"Meh\u0101niskais z\u012bmulis STAEDTLER GRAPHITE 777, B, 0.7mm"},"content":{"rendered":"<div class=\"PRODUCT__description desc description\">\n<div id=\"product-03d7a337bef71c7eeb619f2b188b04c5\">Gumijots puscaursp\u012bd\u012bgs korpuss<br \/>\nMelns plastmasas klipsis<br \/>\nPiln\u012bb\u0101 ievelkamais gals pasarg\u0101 ap\u0123\u0113rbu no boj\u0101jumiem<br \/>\n\u012apa\u0161i liela dz\u0113\u0161gumija<br \/>\nCiet\u012bba &#8211; B<br \/>\nGarf\u012bta diametrs &#8211; 0.7 mm<\/div>\n<\/div>\n","protected":false},"excerpt":{"rendered":"<div class=\"item_meta\">Cena ar PVN <span style=\"color: #ff0000;\"><strong>1,48 \u20ac<\/strong><\/span><\/div>\n","protected":false},"featured_media":6412,"template":"","meta":{"inline_featured_image":false},"product_cat":[346],"product_tag":[],"class_list":{"0":"post-6411","1":"product","2":"type-product","3":"status-publish","4":"has-post-thumbnail","6":"product_cat-mehaniskie-zimuli","8":"first","9":"instock","10":"taxable","11":"shipping-taxable","12":"purchasable","13":"product-type-simple","14":"add-to-wishlist-after_add_to_cart"},"_links":{"self":[{"href":"https:\/\/alkaline.lv\/en\/wp-json\/wp\/v2\/product\/6411"}],"collection":[{"href":"https:\/\/alkaline.lv\/en\/wp-json\/wp\/v2\/product"}],"about":[{"href":"https:\/\/alkaline.lv\/en\/wp-json\/wp\/v2\/types\/product"}],"wp:featuredmedia":[{"embeddable":true,"href":"https:\/\/alkaline.lv\/en\/wp-json\/wp\/v2\/media\/6412"}],"wp:attachment":[{"href":"https:\/\/alkaline.lv\/en\/wp-json\/wp\/v2\/media?parent=6411"}],"wp:term":[{"taxonomy":"product_cat","embeddable":true,"href":"https:\/\/alkaline.lv\/en\/wp-json\/wp\/v2\/product_cat?post=6411"},{"taxonomy":"product_tag","embeddable":true,"href":"https:\/\/alkaline.lv\/en\/wp-json\/wp\/v2\/product_tag?post=6411"}],"curies":[{"name":"wp","href":"https:\/\/api.w.org\/{rel}","templated":true}]}}