{"id":6425,"date":"2021-09-17T16:40:14","date_gmt":"2021-09-17T13:40:14","guid":{"rendered":"https:\/\/alkaline.lv\/?post_type=product&#038;p=6425"},"modified":"2022-07-12T13:08:54","modified_gmt":"2022-07-12T10:08:54","slug":"zimulis-staedtler-noris-2b","status":"publish","type":"product","link":"https:\/\/alkaline.lv\/en\/products\/zimulis-staedtler-noris-2b\/","title":{"rendered":"Z\u012bmulis STAEDTLER NORIS, 2B"},"content":{"rendered":"<p>Augstas kvalit\u0101tes z\u012bmulis<br \/>\nTriecieniztur\u012bgs graf\u012bts<br \/>\nNoasin\u0101ts<br \/>\nBez dz\u0113\u0161gumijas<br \/>\nKoks no sertific\u0113ta, ekolo\u0123iski dro\u0161a me\u017ea, PEFC sertifik\u0101ts<\/p>\n","protected":false},"excerpt":{"rendered":"<div class=\"item_meta\">Cena ar PVN <span style=\"color: #ff0000;\"><strong>0,77 \u20ac<\/strong><\/span><\/div>\n","protected":false},"featured_media":6426,"template":"","meta":{"inline_featured_image":false},"product_cat":[347],"product_tag":[],"class_list":{"0":"post-6425","1":"product","2":"type-product","3":"status-publish","4":"has-post-thumbnail","6":"product_cat-parastie-zimuli","8":"first","9":"instock","10":"taxable","11":"shipping-taxable","12":"purchasable","13":"product-type-simple","14":"add-to-wishlist-after_add_to_cart"},"_links":{"self":[{"href":"https:\/\/alkaline.lv\/en\/wp-json\/wp\/v2\/product\/6425"}],"collection":[{"href":"https:\/\/alkaline.lv\/en\/wp-json\/wp\/v2\/product"}],"about":[{"href":"https:\/\/alkaline.lv\/en\/wp-json\/wp\/v2\/types\/product"}],"wp:featuredmedia":[{"embeddable":true,"href":"https:\/\/alkaline.lv\/en\/wp-json\/wp\/v2\/media\/6426"}],"wp:attachment":[{"href":"https:\/\/alkaline.lv\/en\/wp-json\/wp\/v2\/media?parent=6425"}],"wp:term":[{"taxonomy":"product_cat","embeddable":true,"href":"https:\/\/alkaline.lv\/en\/wp-json\/wp\/v2\/product_cat?post=6425"},{"taxonomy":"product_tag","embeddable":true,"href":"https:\/\/alkaline.lv\/en\/wp-json\/wp\/v2\/product_tag?post=6425"}],"curies":[{"name":"wp","href":"https:\/\/api.w.org\/{rel}","templated":true}]}}