{"id":6431,"date":"2021-09-17T16:45:46","date_gmt":"2021-09-17T13:45:46","guid":{"rendered":"https:\/\/alkaline.lv\/?post_type=product&#038;p=6431"},"modified":"2022-07-12T13:08:58","modified_gmt":"2022-07-12T10:08:58","slug":"zimulis-staedtler-mars-ergosoft-150-hb","status":"publish","type":"product","link":"https:\/\/alkaline.lv\/en\/products\/zimulis-staedtler-mars-ergosoft-150-hb\/","title":{"rendered":"Z\u012bmulis STAEDTLER Norica, ar dz\u0113\u0161gumiju, HB"},"content":{"rendered":"<p>Nnoasin\u0101ts, ar PVC nesaturo\u0161u dz\u0113\u0161gumiju, HB<\/p>\n","protected":false},"excerpt":{"rendered":"<div class=\"item_meta\">Cena ar PVN <span style=\"color: #ff0000;\"><strong>0,31 \u20ac<\/strong><\/span><\/div>\n","protected":false},"featured_media":6439,"template":"","meta":{"inline_featured_image":false},"product_cat":[347],"product_tag":[],"class_list":{"0":"post-6431","1":"product","2":"type-product","3":"status-publish","4":"has-post-thumbnail","6":"product_cat-parastie-zimuli","8":"first","9":"instock","10":"taxable","11":"shipping-taxable","12":"purchasable","13":"product-type-simple","14":"add-to-wishlist-after_add_to_cart"},"_links":{"self":[{"href":"https:\/\/alkaline.lv\/en\/wp-json\/wp\/v2\/product\/6431"}],"collection":[{"href":"https:\/\/alkaline.lv\/en\/wp-json\/wp\/v2\/product"}],"about":[{"href":"https:\/\/alkaline.lv\/en\/wp-json\/wp\/v2\/types\/product"}],"wp:featuredmedia":[{"embeddable":true,"href":"https:\/\/alkaline.lv\/en\/wp-json\/wp\/v2\/media\/6439"}],"wp:attachment":[{"href":"https:\/\/alkaline.lv\/en\/wp-json\/wp\/v2\/media?parent=6431"}],"wp:term":[{"taxonomy":"product_cat","embeddable":true,"href":"https:\/\/alkaline.lv\/en\/wp-json\/wp\/v2\/product_cat?post=6431"},{"taxonomy":"product_tag","embeddable":true,"href":"https:\/\/alkaline.lv\/en\/wp-json\/wp\/v2\/product_tag?post=6431"}],"curies":[{"name":"wp","href":"https:\/\/api.w.org\/{rel}","templated":true}]}}