{"id":6433,"date":"2021-09-17T16:47:05","date_gmt":"2021-09-17T13:47:05","guid":{"rendered":"https:\/\/alkaline.lv\/?post_type=product&#038;p=6433"},"modified":"2022-12-06T14:06:15","modified_gmt":"2022-12-06T12:06:15","slug":"zimulis-centrum-55-ar-dzesgumiju-hb","status":"publish","type":"product","link":"https:\/\/alkaline.lv\/en\/products\/zimulis-centrum-55-ar-dzesgumiju-hb\/","title":{"rendered":"Z\u012bmulis CENTRUM 55, ar dz\u0113\u0161gumiju, HB"},"content":{"rendered":"<p>Parastais z\u012bmulis<br \/>\nKoka korpuss<br \/>\nNoasin\u0101ts<br \/>\nKorpusa kr\u0101sa: dzeltena<\/p>\n","protected":false},"excerpt":{"rendered":"<div class=\"item_meta\">Cena ar PVN <span style=\"color: #ff0000;\"><strong>0,22 \u20ac<\/strong><\/span><\/div>\n","protected":false},"featured_media":6444,"template":"","meta":{"inline_featured_image":false},"product_cat":[347],"product_tag":[],"class_list":{"0":"post-6433","1":"product","2":"type-product","3":"status-publish","4":"has-post-thumbnail","6":"product_cat-parastie-zimuli","8":"first","9":"instock","10":"taxable","11":"shipping-taxable","12":"purchasable","13":"product-type-simple","14":"add-to-wishlist-after_add_to_cart"},"_links":{"self":[{"href":"https:\/\/alkaline.lv\/en\/wp-json\/wp\/v2\/product\/6433","targetHints":{"allow":["GET"]}}],"collection":[{"href":"https:\/\/alkaline.lv\/en\/wp-json\/wp\/v2\/product"}],"about":[{"href":"https:\/\/alkaline.lv\/en\/wp-json\/wp\/v2\/types\/product"}],"wp:featuredmedia":[{"embeddable":true,"href":"https:\/\/alkaline.lv\/en\/wp-json\/wp\/v2\/media\/6444"}],"wp:attachment":[{"href":"https:\/\/alkaline.lv\/en\/wp-json\/wp\/v2\/media?parent=6433"}],"wp:term":[{"taxonomy":"product_cat","embeddable":true,"href":"https:\/\/alkaline.lv\/en\/wp-json\/wp\/v2\/product_cat?post=6433"},{"taxonomy":"product_tag","embeddable":true,"href":"https:\/\/alkaline.lv\/en\/wp-json\/wp\/v2\/product_tag?post=6433"}],"curies":[{"name":"wp","href":"https:\/\/api.w.org\/{rel}","templated":true}]}}