{"id":6448,"date":"2021-09-17T17:38:38","date_gmt":"2021-09-17T14:38:38","guid":{"rendered":"https:\/\/alkaline.lv\/?post_type=product&#038;p=6448"},"modified":"2022-07-12T13:26:40","modified_gmt":"2022-07-12T10:26:40","slug":"grafiti-mehaniskajam-zimulim-schneider-hb-0-5mm","status":"publish","type":"product","link":"https:\/\/alkaline.lv\/en\/products\/grafiti-mehaniskajam-zimulim-schneider-hb-0-5mm\/","title":{"rendered":"Graf\u012bti meh\u0101niskajam z\u012bmulim SCHNEIDER, HB, 0.5mm"},"content":{"rendered":"<p>Polim\u0113ru graf\u012bti der\u012bgi ikvienam meh\u0101niskajam z\u012bmulim<br \/>\nTriecieniztur\u012bgs graf\u012bts<br \/>\n0.5 mm graf\u012bts<\/p>\n","protected":false},"excerpt":{"rendered":"<div class=\"item_meta\">Cena ar PVN <span style=\"color: #ff0000;\"><strong>1,33 \u20ac<\/strong><\/span><\/div>\n","protected":false},"featured_media":6449,"template":"","meta":{"inline_featured_image":false},"product_cat":[345],"product_tag":[],"class_list":{"0":"post-6448","1":"product","2":"type-product","3":"status-publish","4":"has-post-thumbnail","6":"product_cat-grafiti-mehaniskajiem-zimuliem","8":"first","9":"instock","10":"taxable","11":"shipping-taxable","12":"purchasable","13":"product-type-simple","14":"add-to-wishlist-after_add_to_cart"},"_links":{"self":[{"href":"https:\/\/alkaline.lv\/en\/wp-json\/wp\/v2\/product\/6448","targetHints":{"allow":["GET"]}}],"collection":[{"href":"https:\/\/alkaline.lv\/en\/wp-json\/wp\/v2\/product"}],"about":[{"href":"https:\/\/alkaline.lv\/en\/wp-json\/wp\/v2\/types\/product"}],"wp:featuredmedia":[{"embeddable":true,"href":"https:\/\/alkaline.lv\/en\/wp-json\/wp\/v2\/media\/6449"}],"wp:attachment":[{"href":"https:\/\/alkaline.lv\/en\/wp-json\/wp\/v2\/media?parent=6448"}],"wp:term":[{"taxonomy":"product_cat","embeddable":true,"href":"https:\/\/alkaline.lv\/en\/wp-json\/wp\/v2\/product_cat?post=6448"},{"taxonomy":"product_tag","embeddable":true,"href":"https:\/\/alkaline.lv\/en\/wp-json\/wp\/v2\/product_tag?post=6448"}],"curies":[{"name":"wp","href":"https:\/\/api.w.org\/{rel}","templated":true}]}}