{"id":6455,"date":"2021-09-17T20:03:11","date_gmt":"2021-09-17T17:03:11","guid":{"rendered":"https:\/\/alkaline.lv\/?post_type=product&#038;p=6455"},"modified":"2022-07-12T13:07:45","modified_gmt":"2022-07-12T10:07:45","slug":"teksta-markieru-komplekts-staedtle-364c-1-5mm-6-krasas","status":"publish","type":"product","link":"https:\/\/alkaline.lv\/en\/products\/teksta-markieru-komplekts-staedtle-364c-1-5mm-6-krasas\/","title":{"rendered":"Teksta mar\u0137ieru komplekts STAEDTLE 364C, 1-5mm, 6 kr\u0101sas"},"content":{"rendered":"<p>Textsurfer\u00ae classic 364 C mar\u0137ieri. Ide\u0101li teksta izdal\u012b\u0161anai un liel\u0101ku laukumu kr\u0101so\u0161anai. \u016adens b\u0101zes tinte. \u0100tri \u017e\u016bsto\u0161i. \u012apa\u0161i m\u012bksts uzgalis apm. 1 &#8211; 5 mm. 6 paste\u013ckr\u0101sas.<\/p>\n","protected":false},"excerpt":{"rendered":"<div class=\"item_meta\">Cena ar PVN <span style=\"color: #ff0000;\"><strong>7,87 \u20ac<\/strong><\/span><\/div>\n","protected":false},"featured_media":6457,"template":"","meta":{"inline_featured_image":false},"product_cat":[558],"product_tag":[],"class_list":{"0":"post-6455","1":"product","2":"type-product","3":"status-publish","4":"has-post-thumbnail","6":"product_cat-teksta-markieri-2","8":"first","9":"instock","10":"taxable","11":"shipping-taxable","12":"purchasable","13":"product-type-simple","14":"add-to-wishlist-after_add_to_cart"},"_links":{"self":[{"href":"https:\/\/alkaline.lv\/en\/wp-json\/wp\/v2\/product\/6455","targetHints":{"allow":["GET"]}}],"collection":[{"href":"https:\/\/alkaline.lv\/en\/wp-json\/wp\/v2\/product"}],"about":[{"href":"https:\/\/alkaline.lv\/en\/wp-json\/wp\/v2\/types\/product"}],"wp:featuredmedia":[{"embeddable":true,"href":"https:\/\/alkaline.lv\/en\/wp-json\/wp\/v2\/media\/6457"}],"wp:attachment":[{"href":"https:\/\/alkaline.lv\/en\/wp-json\/wp\/v2\/media?parent=6455"}],"wp:term":[{"taxonomy":"product_cat","embeddable":true,"href":"https:\/\/alkaline.lv\/en\/wp-json\/wp\/v2\/product_cat?post=6455"},{"taxonomy":"product_tag","embeddable":true,"href":"https:\/\/alkaline.lv\/en\/wp-json\/wp\/v2\/product_tag?post=6455"}],"curies":[{"name":"wp","href":"https:\/\/api.w.org\/{rel}","templated":true}]}}