{"id":6476,"date":"2021-09-17T20:29:04","date_gmt":"2021-09-17T17:29:04","guid":{"rendered":"https:\/\/alkaline.lv\/?post_type=product&#038;p=6476"},"modified":"2023-08-30T12:27:42","modified_gmt":"2023-08-30T09:27:42","slug":"teksta-markieriu-komplekts-schneider-job-1-5mm-4-krasas","status":"publish","type":"product","link":"https:\/\/alkaline.lv\/en\/products\/teksta-markieriu-komplekts-schneider-job-1-5mm-4-krasas\/","title":{"rendered":"Teksta mar\u0137ieru komplekts SCHNEIDER JOB, 1-5mm, 4 kr\u0101sas"},"content":{"rendered":"<div class=\"PRODUCT__description desc description\">\n<div id=\"product-c0eb8ec2955cea4e79a91a1319d8e9a4\">Sl\u012bps serdenis<br \/>\nDokumentiem, kopij\u0101m, faksiem<br \/>\nSpilgtas kr\u0101sas, gaism\u0101 neizbalo<br \/>\nTinte izgatavota uz \u016bdens b\u0101zes<br \/>\nLiels tintes rezervu\u0101rs<br \/>\nL\u012bnijas platums 1- 5 mm<br \/>\n4 kr\u0101su komplekts<\/div>\n<\/div>\n","protected":false},"excerpt":{"rendered":"<p>Sl\u012bps serdenis Dokumentiem, kopij\u0101m, faksiem Spilgtas kr\u0101sas, gaism\u0101 neizbalo Tinte izgatavota uz \u016bdens b\u0101zes Liels tintes rezervu\u0101rs L\u012bnijas platums 1- 5 mm 4 kr\u0101su komplekts<\/p>\n","protected":false},"featured_media":6477,"template":"","meta":{"inline_featured_image":false},"product_cat":[558],"product_tag":[],"class_list":{"0":"post-6476","1":"product","2":"type-product","3":"status-publish","4":"has-post-thumbnail","6":"product_cat-teksta-markieri-2","8":"first","9":"instock","10":"taxable","11":"shipping-taxable","12":"purchasable","13":"product-type-simple","14":"add-to-wishlist-after_add_to_cart"},"_links":{"self":[{"href":"https:\/\/alkaline.lv\/en\/wp-json\/wp\/v2\/product\/6476"}],"collection":[{"href":"https:\/\/alkaline.lv\/en\/wp-json\/wp\/v2\/product"}],"about":[{"href":"https:\/\/alkaline.lv\/en\/wp-json\/wp\/v2\/types\/product"}],"wp:featuredmedia":[{"embeddable":true,"href":"https:\/\/alkaline.lv\/en\/wp-json\/wp\/v2\/media\/6477"}],"wp:attachment":[{"href":"https:\/\/alkaline.lv\/en\/wp-json\/wp\/v2\/media?parent=6476"}],"wp:term":[{"taxonomy":"product_cat","embeddable":true,"href":"https:\/\/alkaline.lv\/en\/wp-json\/wp\/v2\/product_cat?post=6476"},{"taxonomy":"product_tag","embeddable":true,"href":"https:\/\/alkaline.lv\/en\/wp-json\/wp\/v2\/product_tag?post=6476"}],"curies":[{"name":"wp","href":"https:\/\/api.w.org\/{rel}","templated":true}]}}