{"id":6481,"date":"2021-09-17T20:37:05","date_gmt":"2021-09-17T17:37:05","guid":{"rendered":"https:\/\/alkaline.lv\/?post_type=product&#038;p=6481"},"modified":"2022-06-15T13:01:28","modified_gmt":"2022-06-15T10:01:28","slug":"teksta-markieru-komplekts-schneider-job-1-5mm-6-krasas-8-markieri","status":"publish","type":"product","link":"https:\/\/alkaline.lv\/en\/products\/teksta-markieru-komplekts-schneider-job-1-5mm-6-krasas-8-markieri\/","title":{"rendered":"Teksta mar\u0137ieru komplekts SCHNEIDER JOB, 1-5mm, 6 kr\u0101sas, 8 mar\u0137ieri"},"content":{"rendered":"<div class=\"PRODUCT__description desc description\">\n<div id=\"product-c0eb8ec2955cea4e79a91a1319d8e9a4\">Sl\u012bps serdenis<br \/>\nDokumentiem, kopij\u0101m, faksiem<br \/>\nSpilgtas kr\u0101sas, gaism\u0101 neizbalo<br \/>\nTinte izgatavota uz \u016bdens b\u0101zes<br \/>\nLiels tintes rezervu\u0101rs<br \/>\nL\u012bnijas platums 1- 5 mm<br \/>\n8 mar\u0137ieru komplekts (6 kr\u0101s\u0101s)<\/div>\n<\/div>\n","protected":false},"excerpt":{"rendered":"<div class=\"item_meta\">Cena ar PVN <span style=\"color: #ff0000;\"><strong>7,24 \u20ac<\/strong><\/span><\/div>\n","protected":false},"featured_media":6482,"template":"","meta":{"inline_featured_image":false},"product_cat":[558],"product_tag":[],"class_list":{"0":"post-6481","1":"product","2":"type-product","3":"status-publish","4":"has-post-thumbnail","6":"product_cat-teksta-markieri-2","8":"first","9":"instock","10":"taxable","11":"shipping-taxable","12":"purchasable","13":"product-type-simple","14":"add-to-wishlist-after_add_to_cart"},"_links":{"self":[{"href":"https:\/\/alkaline.lv\/en\/wp-json\/wp\/v2\/product\/6481","targetHints":{"allow":["GET"]}}],"collection":[{"href":"https:\/\/alkaline.lv\/en\/wp-json\/wp\/v2\/product"}],"about":[{"href":"https:\/\/alkaline.lv\/en\/wp-json\/wp\/v2\/types\/product"}],"wp:featuredmedia":[{"embeddable":true,"href":"https:\/\/alkaline.lv\/en\/wp-json\/wp\/v2\/media\/6482"}],"wp:attachment":[{"href":"https:\/\/alkaline.lv\/en\/wp-json\/wp\/v2\/media?parent=6481"}],"wp:term":[{"taxonomy":"product_cat","embeddable":true,"href":"https:\/\/alkaline.lv\/en\/wp-json\/wp\/v2\/product_cat?post=6481"},{"taxonomy":"product_tag","embeddable":true,"href":"https:\/\/alkaline.lv\/en\/wp-json\/wp\/v2\/product_tag?post=6481"}],"curies":[{"name":"wp","href":"https:\/\/api.w.org\/{rel}","templated":true}]}}