{"id":6502,"date":"2021-09-20T17:28:40","date_gmt":"2021-09-20T14:28:40","guid":{"rendered":"https:\/\/alkaline.lv\/?post_type=product&#038;p=6502"},"modified":"2022-07-12T13:08:14","modified_gmt":"2022-07-12T10:08:14","slug":"markieris-baltajai-tafelei-forpus-konisks-1-3mm-zals","status":"publish","type":"product","link":"https:\/\/alkaline.lv\/en\/products\/markieris-baltajai-tafelei-forpus-konisks-1-3mm-zals\/","title":{"rendered":"Mar\u0137ieris baltajai t\u0101felei FORPUS, konisks, 1-3mm, za\u013c\u0161"},"content":{"rendered":"<div class=\"PRODUCT__description desc description\">\n<div id=\"product-f58a43c6e9addca3d972ffea7791542a\">\n<div class=\"PRODUCT__description desc description\">\n<div id=\"product-3bf704b6f7285ccb7ff10aef5158c015-full\">\n<div class=\"PRODUCT__description desc description\">\n<div id=\"product-3bf704b6f7285ccb7ff10aef5158c015-full\">\n<div class=\"PRODUCT__description desc description\">\n<div class=\"PRODUCT__description desc description\">\n<div class=\"PRODUCT__description desc description\">\n<div id=\"product-0dcdacb34196e0f79e62c7fee68d9979\">\n<div class=\"PRODUCT__description desc description\">\n<div id=\"product-e4c003cb8b819bc6464765622b1985b6\">Konisks serdenis<br \/>\nBaltaj\u0101m t\u0101fel\u0113m un \u201eflipchart\u201d pap\u012bram<br \/>\nNav toksisks<br \/>\nL\u012bnijas platums 1-3 mm<\/div>\n<p>&nbsp;<\/p>\n<\/div>\n<div class=\"PRODUCT__actions\">\n<div class=\"PRODUCT__actions-item\"><\/div>\n<\/div>\n<\/div>\n<\/div>\n<\/div>\n<\/div>\n<\/div>\n<\/div>\n<\/div>\n<\/div>\n<div class=\"PRODUCT__actions\">\n<div class=\"PRODUCT__actions-item\"><\/div>\n<\/div>\n<\/div>\n<\/div>\n","protected":false},"excerpt":{"rendered":"<div class=\"item_meta\">Cena ar PVN <span style=\"color: #ff0000;\"><strong>0,70 \u20ac<\/strong><\/span><\/div>\n","protected":false},"featured_media":6503,"template":"","meta":{"inline_featured_image":false},"product_cat":[336],"product_tag":[],"class_list":{"0":"post-6502","1":"product","2":"type-product","3":"status-publish","4":"has-post-thumbnail","6":"product_cat-markieri-tafelem","8":"first","9":"instock","10":"taxable","11":"shipping-taxable","12":"purchasable","13":"product-type-simple","14":"add-to-wishlist-after_add_to_cart"},"_links":{"self":[{"href":"https:\/\/alkaline.lv\/en\/wp-json\/wp\/v2\/product\/6502","targetHints":{"allow":["GET"]}}],"collection":[{"href":"https:\/\/alkaline.lv\/en\/wp-json\/wp\/v2\/product"}],"about":[{"href":"https:\/\/alkaline.lv\/en\/wp-json\/wp\/v2\/types\/product"}],"wp:featuredmedia":[{"embeddable":true,"href":"https:\/\/alkaline.lv\/en\/wp-json\/wp\/v2\/media\/6503"}],"wp:attachment":[{"href":"https:\/\/alkaline.lv\/en\/wp-json\/wp\/v2\/media?parent=6502"}],"wp:term":[{"taxonomy":"product_cat","embeddable":true,"href":"https:\/\/alkaline.lv\/en\/wp-json\/wp\/v2\/product_cat?post=6502"},{"taxonomy":"product_tag","embeddable":true,"href":"https:\/\/alkaline.lv\/en\/wp-json\/wp\/v2\/product_tag?post=6502"}],"curies":[{"name":"wp","href":"https:\/\/api.w.org\/{rel}","templated":true}]}}