{"id":6510,"date":"2021-09-20T17:41:19","date_gmt":"2021-09-20T14:41:19","guid":{"rendered":"https:\/\/alkaline.lv\/?post_type=product&#038;p=6510"},"modified":"2022-07-12T13:08:36","modified_gmt":"2022-07-12T10:08:36","slug":"markieris-baltajai-tafelei-ico-11-xxl-zals","status":"publish","type":"product","link":"https:\/\/alkaline.lv\/en\/products\/markieris-baltajai-tafelei-ico-11-xxl-zals\/","title":{"rendered":"Mar\u0137ieris baltajai t\u0101felei ICO 11 XXL, za\u013c\u0161"},"content":{"rendered":"<div class=\"PRODUCT__description desc description\">\n<div id=\"product-f58a43c6e9addca3d972ffea7791542a\">\n<div class=\"PRODUCT__description desc description\">\n<div id=\"product-3bf704b6f7285ccb7ff10aef5158c015-full\">\n<div class=\"PRODUCT__description desc description\">\n<div id=\"product-3bf704b6f7285ccb7ff10aef5158c015-full\">\n<div class=\"PRODUCT__description desc description\">\n<div class=\"PRODUCT__description desc description\">\n<div class=\"PRODUCT__description desc description\">\n<div id=\"product-0dcdacb34196e0f79e62c7fee68d9979\">\n<div class=\"PRODUCT__description desc description\">\n<div id=\"product-e4c003cb8b819bc6464765622b1985b6\">Antibakteri\u0101ls mar\u0137ieris, kas piem\u0113rots rakst\u012b\u0161anai un z\u012bm\u0113\u0161anai uz baltajiem d\u0113\u013ciem. Piepild\u012bta ar aizveramu tinti. Nosl\u0113g\u0161an\u0101s laiks: 3 dienas. Rakst\u012b\u0161anu var izdz\u0113st saus\u0101 veid\u0101. Ilg\u0101ks m\u016b\u017es, pateicoties liel\u0101kam mucas izm\u0113ram. Plastmasas da\u013cas satur Biomaster sudraba jonus antibakteri\u0101lai aizsardz\u012bbai (bioc\u012bd\u0101 akt\u012bv\u0101 viela: sudraba fosf\u0101ta stikls). Ir pier\u0101d\u012bts, ka ICO antibakteri\u0101lajiem l\u012bdzek\u013ciem piem\u012bt bakteric\u012bdas \u012bpa\u0161\u012bbas, un mikrobi tiek izn\u012bcin\u0101ti 24 stundu laik\u0101 ar efektivit\u0101ti 99,9%<\/div>\n<p>&nbsp;<\/p>\n<\/div>\n<div class=\"PRODUCT__actions\">\n<div class=\"PRODUCT__actions-item\"><\/div>\n<\/div>\n<\/div>\n<\/div>\n<\/div>\n<\/div>\n<\/div>\n<\/div>\n<\/div>\n<\/div>\n<div class=\"PRODUCT__actions\">\n<div class=\"PRODUCT__actions-item\"><\/div>\n<\/div>\n<\/div>\n<\/div>\n","protected":false},"excerpt":{"rendered":"<div class=\"item_meta\">Cena ar PVN <span style=\"color: #ff0000;\"><strong>1,33 \u20ac<\/strong><\/span><\/div>\n","protected":false},"featured_media":6511,"template":"","meta":{"inline_featured_image":false},"product_cat":[336],"product_tag":[],"class_list":{"0":"post-6510","1":"product","2":"type-product","3":"status-publish","4":"has-post-thumbnail","6":"product_cat-markieri-tafelem","8":"first","9":"instock","10":"taxable","11":"shipping-taxable","12":"purchasable","13":"product-type-simple","14":"add-to-wishlist-after_add_to_cart"},"_links":{"self":[{"href":"https:\/\/alkaline.lv\/en\/wp-json\/wp\/v2\/product\/6510","targetHints":{"allow":["GET"]}}],"collection":[{"href":"https:\/\/alkaline.lv\/en\/wp-json\/wp\/v2\/product"}],"about":[{"href":"https:\/\/alkaline.lv\/en\/wp-json\/wp\/v2\/types\/product"}],"wp:featuredmedia":[{"embeddable":true,"href":"https:\/\/alkaline.lv\/en\/wp-json\/wp\/v2\/media\/6511"}],"wp:attachment":[{"href":"https:\/\/alkaline.lv\/en\/wp-json\/wp\/v2\/media?parent=6510"}],"wp:term":[{"taxonomy":"product_cat","embeddable":true,"href":"https:\/\/alkaline.lv\/en\/wp-json\/wp\/v2\/product_cat?post=6510"},{"taxonomy":"product_tag","embeddable":true,"href":"https:\/\/alkaline.lv\/en\/wp-json\/wp\/v2\/product_tag?post=6510"}],"curies":[{"name":"wp","href":"https:\/\/api.w.org\/{rel}","templated":true}]}}