{"id":6516,"date":"2021-09-20T17:48:07","date_gmt":"2021-09-20T14:48:07","guid":{"rendered":"https:\/\/alkaline.lv\/?post_type=product&#038;p=6516"},"modified":"2023-02-17T08:23:35","modified_gmt":"2023-02-17T06:23:35","slug":"markieris-baltajai-tafelei-schneider-maxx-290-konisks-melns","status":"publish","type":"product","link":"https:\/\/alkaline.lv\/en\/products\/markieris-baltajai-tafelei-schneider-maxx-290-konisks-melns\/","title":{"rendered":"Mar\u0137ieris baltajai t\u0101felei SCHNEIDER MAXX 290, konisks, melns"},"content":{"rendered":"<div class=\"PRODUCT__description desc description\">\n<div id=\"product-f58a43c6e9addca3d972ffea7791542a\">\n<div class=\"PRODUCT__description desc description\">\n<div id=\"product-3bf704b6f7285ccb7ff10aef5158c015-full\">\n<div class=\"PRODUCT__description desc description\">\n<div id=\"product-3bf704b6f7285ccb7ff10aef5158c015-full\">\n<div class=\"PRODUCT__description desc description\">\n<div class=\"PRODUCT__description desc description\">\n<div class=\"PRODUCT__description desc description\">\n<div id=\"product-0dcdacb34196e0f79e62c7fee68d9979\">\n<div class=\"PRODUCT__description desc description\">\n<div id=\"product-e4c003cb8b819bc6464765622b1985b6\">Konisks serdenis<br \/>\nPlastmasas korpuss<br \/>\nBaltaj\u0101m t\u0101fel\u0113m un \u201eflipchart\u201d pap\u012bram<br \/>\nNeiz\u017e\u016bst atst\u0101jot mar\u0137ieri bez v\u0101ci\u0146a vair\u0101kas dienas<br \/>\nL\u012bnijas platums 2-3 mm<\/div>\n<p>&nbsp;<\/p>\n<\/div>\n<div class=\"PRODUCT__actions\">\n<div class=\"PRODUCT__actions-item\"><\/div>\n<\/div>\n<\/div>\n<\/div>\n<\/div>\n<\/div>\n<\/div>\n<\/div>\n<\/div>\n<\/div>\n<div class=\"PRODUCT__actions\">\n<div class=\"PRODUCT__actions-item\"><\/div>\n<\/div>\n<\/div>\n<\/div>\n","protected":false},"excerpt":{"rendered":"<p>Konisks serdenis Plastmasas korpuss Baltaj\u0101m t\u0101fel\u0113m un \u201eflipchart\u201d pap\u012bram Neiz\u017e\u016bst atst\u0101jot mar\u0137ieri bez v\u0101ci\u0146a vair\u0101kas dienas L\u012bnijas platums 2-3 mm &nbsp;<\/p>\n","protected":false},"featured_media":6517,"template":"","meta":{"inline_featured_image":false},"product_cat":[336],"product_tag":[],"class_list":{"0":"post-6516","1":"product","2":"type-product","3":"status-publish","4":"has-post-thumbnail","6":"product_cat-markieri-tafelem","8":"first","9":"instock","10":"taxable","11":"shipping-taxable","12":"purchasable","13":"product-type-simple","14":"add-to-wishlist-after_add_to_cart"},"_links":{"self":[{"href":"https:\/\/alkaline.lv\/en\/wp-json\/wp\/v2\/product\/6516"}],"collection":[{"href":"https:\/\/alkaline.lv\/en\/wp-json\/wp\/v2\/product"}],"about":[{"href":"https:\/\/alkaline.lv\/en\/wp-json\/wp\/v2\/types\/product"}],"wp:featuredmedia":[{"embeddable":true,"href":"https:\/\/alkaline.lv\/en\/wp-json\/wp\/v2\/media\/6517"}],"wp:attachment":[{"href":"https:\/\/alkaline.lv\/en\/wp-json\/wp\/v2\/media?parent=6516"}],"wp:term":[{"taxonomy":"product_cat","embeddable":true,"href":"https:\/\/alkaline.lv\/en\/wp-json\/wp\/v2\/product_cat?post=6516"},{"taxonomy":"product_tag","embeddable":true,"href":"https:\/\/alkaline.lv\/en\/wp-json\/wp\/v2\/product_tag?post=6516"}],"curies":[{"name":"wp","href":"https:\/\/api.w.org\/{rel}","templated":true}]}}