{"id":6534,"date":"2021-09-20T18:28:59","date_gmt":"2021-09-20T15:28:59","guid":{"rendered":"https:\/\/alkaline.lv\/?post_type=product&#038;p=6534"},"modified":"2022-07-12T13:07:54","modified_gmt":"2022-07-12T10:07:54","slug":"markieris-baltajai-tafelei-schneider-maxx-293-slips-melns","status":"publish","type":"product","link":"https:\/\/alkaline.lv\/en\/products\/markieris-baltajai-tafelei-schneider-maxx-293-slips-melns\/","title":{"rendered":"Mar\u0137ieris baltajai t\u0101felei SCHNEIDER MAXX 293, sl\u012bps, melns"},"content":{"rendered":"<div class=\"PRODUCT__description desc description\">\n<div id=\"product-f58a43c6e9addca3d972ffea7791542a\">\n<div class=\"PRODUCT__description desc description\">\n<div id=\"product-3bf704b6f7285ccb7ff10aef5158c015-full\">\n<div class=\"PRODUCT__description desc description\">\n<div id=\"product-3bf704b6f7285ccb7ff10aef5158c015-full\">\n<div class=\"PRODUCT__description desc description\">\n<div class=\"PRODUCT__description desc description\">\n<div class=\"PRODUCT__description desc description\">\n<div id=\"product-0dcdacb34196e0f79e62c7fee68d9979\">\n<div class=\"PRODUCT__description desc description\">\n<div id=\"product-e4c003cb8b819bc6464765622b1985b6\">Sl\u012bps serdenis<br \/>\nBaltaj\u0101m t\u0101fel\u0113m un \u201eflipchart\u201d pap\u012bram<br \/>\n\u0100tri \u017e\u016bst, intens\u012bvas kr\u0101sas<br \/>\nNeiz\u017e\u016bst atst\u0101jot mar\u0137ieri bez v\u0101ci\u0146a 2-3 dienas<br \/>\nL\u012bnijas platums 2-5 mm<br \/>\nJauns serdenis pat\u012bkamai rakst\u012b\u0161anai, bez skr\u0101p\u0113\u0161anas<\/div>\n<\/div>\n<\/div>\n<\/div>\n<\/div>\n<\/div>\n<\/div>\n<\/div>\n<\/div>\n<\/div>\n<\/div>\n<\/div>\n","protected":false},"excerpt":{"rendered":"<div class=\"item_meta\">Cena ar PVN <span style=\"color: #ff0000;\"><strong>1,48 \u20ac<\/strong><\/span><\/div>\n","protected":false},"featured_media":6535,"template":"","meta":{"inline_featured_image":false},"product_cat":[336],"product_tag":[],"class_list":{"0":"post-6534","1":"product","2":"type-product","3":"status-publish","4":"has-post-thumbnail","6":"product_cat-markieri-tafelem","8":"first","9":"instock","10":"taxable","11":"shipping-taxable","12":"purchasable","13":"product-type-simple","14":"add-to-wishlist-after_add_to_cart"},"_links":{"self":[{"href":"https:\/\/alkaline.lv\/en\/wp-json\/wp\/v2\/product\/6534","targetHints":{"allow":["GET"]}}],"collection":[{"href":"https:\/\/alkaline.lv\/en\/wp-json\/wp\/v2\/product"}],"about":[{"href":"https:\/\/alkaline.lv\/en\/wp-json\/wp\/v2\/types\/product"}],"wp:featuredmedia":[{"embeddable":true,"href":"https:\/\/alkaline.lv\/en\/wp-json\/wp\/v2\/media\/6535"}],"wp:attachment":[{"href":"https:\/\/alkaline.lv\/en\/wp-json\/wp\/v2\/media?parent=6534"}],"wp:term":[{"taxonomy":"product_cat","embeddable":true,"href":"https:\/\/alkaline.lv\/en\/wp-json\/wp\/v2\/product_cat?post=6534"},{"taxonomy":"product_tag","embeddable":true,"href":"https:\/\/alkaline.lv\/en\/wp-json\/wp\/v2\/product_tag?post=6534"}],"curies":[{"name":"wp","href":"https:\/\/api.w.org\/{rel}","templated":true}]}}