{"id":6538,"date":"2021-09-20T18:54:10","date_gmt":"2021-09-20T15:54:10","guid":{"rendered":"https:\/\/alkaline.lv\/?post_type=product&#038;p=6538"},"modified":"2022-07-12T13:08:03","modified_gmt":"2022-07-12T10:08:03","slug":"ohp-permanentais-markieris-schneider-1mm-zils","status":"publish","type":"product","link":"https:\/\/alkaline.lv\/en\/products\/ohp-permanentais-markieris-schneider-1mm-zils\/","title":{"rendered":"OHP permanentais mar\u0137ieris SCHNEIDER, 1mm, zils"},"content":{"rendered":"<div class=\"PRODUCT__description desc description\">\n<div id=\"product-fbf184a67eae2734d4659dacbaec8945\">Konisks serdenis<br \/>\nNotur\u012bgais mar\u0137ieris<br \/>\nPiem\u0113rots rakst\u012b\u0161anai uz OHP pl\u0113v\u0113m un da\u017e\u0101d\u0101m glud\u0101m virsm\u0101m<br \/>\n\u0100tri \u017e\u016bsto\u0161s<br \/>\nNeiz\u017e\u016bst, atst\u0101jot mar\u0137ieri bez v\u0101ci\u0146a vair\u0101kas dienas<br \/>\nL\u012bnijas platums 1 mm<\/div>\n<p>&nbsp;<\/p>\n<\/div>\n<div class=\"PRODUCT__actions\">\n<div class=\"PRODUCT__actions-item\"><\/div>\n<\/div>\n","protected":false},"excerpt":{"rendered":"<div class=\"item_meta\">Cena ar PVN <span style=\"color: #ff0000;\"><strong>1.36 \u20ac<\/strong><\/span><\/div>\n","protected":false},"featured_media":6539,"template":"","meta":{"inline_featured_image":false},"product_cat":[337],"product_tag":[],"class_list":{"0":"post-6538","1":"product","2":"type-product","3":"status-publish","4":"has-post-thumbnail","6":"product_cat-specialie-markieri","8":"first","9":"instock","10":"taxable","11":"shipping-taxable","12":"purchasable","13":"product-type-simple","14":"add-to-wishlist-after_add_to_cart"},"_links":{"self":[{"href":"https:\/\/alkaline.lv\/en\/wp-json\/wp\/v2\/product\/6538","targetHints":{"allow":["GET"]}}],"collection":[{"href":"https:\/\/alkaline.lv\/en\/wp-json\/wp\/v2\/product"}],"about":[{"href":"https:\/\/alkaline.lv\/en\/wp-json\/wp\/v2\/types\/product"}],"wp:featuredmedia":[{"embeddable":true,"href":"https:\/\/alkaline.lv\/en\/wp-json\/wp\/v2\/media\/6539"}],"wp:attachment":[{"href":"https:\/\/alkaline.lv\/en\/wp-json\/wp\/v2\/media?parent=6538"}],"wp:term":[{"taxonomy":"product_cat","embeddable":true,"href":"https:\/\/alkaline.lv\/en\/wp-json\/wp\/v2\/product_cat?post=6538"},{"taxonomy":"product_tag","embeddable":true,"href":"https:\/\/alkaline.lv\/en\/wp-json\/wp\/v2\/product_tag?post=6538"}],"curies":[{"name":"wp","href":"https:\/\/api.w.org\/{rel}","templated":true}]}}