{"id":6550,"date":"2021-09-20T19:14:45","date_gmt":"2021-09-20T16:14:45","guid":{"rendered":"https:\/\/alkaline.lv\/?post_type=product&#038;p=6550"},"modified":"2022-07-12T13:07:46","modified_gmt":"2022-07-12T10:07:46","slug":"noturigais-markieris-schneider-tekstilam-maxx-248-1mm-melns","status":"publish","type":"product","link":"https:\/\/alkaline.lv\/en\/products\/noturigais-markieris-schneider-tekstilam-maxx-248-1mm-melns\/","title":{"rendered":"Notur\u012bgais mar\u0137ieris SCHNEIDER tekstilam Maxx 248, 1mm, melns"},"content":{"rendered":"<div class=\"PRODUCT__description desc description\">\n<div id=\"product-fbf184a67eae2734d4659dacbaec8945\">konisks serdenis<br \/>\ngandr\u012bz visu audumu veidu mar\u0137\u0113\u0161anai<br \/>\ntinte iztur\u012bga pret mazg\u0101\u0161anu, v\u0101r\u012b\u0161anu un gaismu<br \/>\nl\u012bnijas platums &#8211; 1.0mm<\/div>\n<p>&nbsp;<\/p>\n<\/div>\n<div class=\"PRODUCT__actions\">\n<div class=\"PRODUCT__actions-item\"><\/div>\n<\/div>\n","protected":false},"excerpt":{"rendered":"<div class=\"item_meta\">Cena ar PVN <span style=\"color: #ff0000;\"><strong>3,39 \u20ac<\/strong><\/span><\/div>\n","protected":false},"featured_media":6551,"template":"","meta":{"inline_featured_image":false},"product_cat":[337],"product_tag":[],"class_list":{"0":"post-6550","1":"product","2":"type-product","3":"status-publish","4":"has-post-thumbnail","6":"product_cat-specialie-markieri","8":"first","9":"instock","10":"taxable","11":"shipping-taxable","12":"purchasable","13":"product-type-simple","14":"add-to-wishlist-after_add_to_cart"},"_links":{"self":[{"href":"https:\/\/alkaline.lv\/en\/wp-json\/wp\/v2\/product\/6550","targetHints":{"allow":["GET"]}}],"collection":[{"href":"https:\/\/alkaline.lv\/en\/wp-json\/wp\/v2\/product"}],"about":[{"href":"https:\/\/alkaline.lv\/en\/wp-json\/wp\/v2\/types\/product"}],"wp:featuredmedia":[{"embeddable":true,"href":"https:\/\/alkaline.lv\/en\/wp-json\/wp\/v2\/media\/6551"}],"wp:attachment":[{"href":"https:\/\/alkaline.lv\/en\/wp-json\/wp\/v2\/media?parent=6550"}],"wp:term":[{"taxonomy":"product_cat","embeddable":true,"href":"https:\/\/alkaline.lv\/en\/wp-json\/wp\/v2\/product_cat?post=6550"},{"taxonomy":"product_tag","embeddable":true,"href":"https:\/\/alkaline.lv\/en\/wp-json\/wp\/v2\/product_tag?post=6550"}],"curies":[{"name":"wp","href":"https:\/\/api.w.org\/{rel}","templated":true}]}}