{"id":6554,"date":"2021-09-20T19:26:19","date_gmt":"2021-09-20T16:26:19","guid":{"rendered":"https:\/\/alkaline.lv\/?post_type=product&#038;p=6554"},"modified":"2022-07-12T13:08:10","modified_gmt":"2022-07-12T10:08:10","slug":"cd-dvd-markieris-staedtler-lumocolor-310-0-4mm-melns","status":"publish","type":"product","link":"https:\/\/alkaline.lv\/en\/products\/cd-dvd-markieris-staedtler-lumocolor-310-0-4mm-melns\/","title":{"rendered":"CD \/ DVD mar\u0137ieris STAEDTLER LUMOCOLOR 310, 0.4mm, melns"},"content":{"rendered":"<div class=\"PRODUCT__description desc description\">\n<div id=\"product-fbf184a67eae2734d4659dacbaec8945\">Konisks serdenis<br \/>\n\u012apa\u0161i m\u012bksts serdenis neboj\u0101 jut\u012bgo CD \/DVD diska virsmu<br \/>\nNeiz\u017e\u016bst, atst\u0101jot mar\u0137ieri bez v\u0101ci\u0146a (ISO554)<br \/>\nNo\u017e\u016bst 3-6 sekun\u017eu laik\u0101<br \/>\nL\u012bnijas platums 0.4 mm<\/div>\n<\/div>\n","protected":false},"excerpt":{"rendered":"<div class=\"item_meta\">Cena ar PVN <span style=\"color: #ff0000;\"><strong>2,52\u20ac<\/strong><\/span><\/div>\n","protected":false},"featured_media":6555,"template":"","meta":{"inline_featured_image":false},"product_cat":[337],"product_tag":[],"class_list":{"0":"post-6554","1":"product","2":"type-product","3":"status-publish","4":"has-post-thumbnail","6":"product_cat-specialie-markieri","8":"first","9":"instock","10":"taxable","11":"shipping-taxable","12":"purchasable","13":"product-type-simple","14":"add-to-wishlist-after_add_to_cart"},"_links":{"self":[{"href":"https:\/\/alkaline.lv\/en\/wp-json\/wp\/v2\/product\/6554","targetHints":{"allow":["GET"]}}],"collection":[{"href":"https:\/\/alkaline.lv\/en\/wp-json\/wp\/v2\/product"}],"about":[{"href":"https:\/\/alkaline.lv\/en\/wp-json\/wp\/v2\/types\/product"}],"wp:featuredmedia":[{"embeddable":true,"href":"https:\/\/alkaline.lv\/en\/wp-json\/wp\/v2\/media\/6555"}],"wp:attachment":[{"href":"https:\/\/alkaline.lv\/en\/wp-json\/wp\/v2\/media?parent=6554"}],"wp:term":[{"taxonomy":"product_cat","embeddable":true,"href":"https:\/\/alkaline.lv\/en\/wp-json\/wp\/v2\/product_cat?post=6554"},{"taxonomy":"product_tag","embeddable":true,"href":"https:\/\/alkaline.lv\/en\/wp-json\/wp\/v2\/product_tag?post=6554"}],"curies":[{"name":"wp","href":"https:\/\/api.w.org\/{rel}","templated":true}]}}