{"id":6560,"date":"2021-09-21T15:35:20","date_gmt":"2021-09-21T12:35:20","guid":{"rendered":"https:\/\/alkaline.lv\/?post_type=product&#038;p=6560"},"modified":"2022-07-12T13:07:41","modified_gmt":"2022-07-12T10:07:41","slug":"permanentais-markieris-schneider-280-slips-melns","status":"publish","type":"product","link":"https:\/\/alkaline.lv\/en\/products\/permanentais-markieris-schneider-280-slips-melns\/","title":{"rendered":"Permanentais mar\u0137ieris SCHNEIDER 280, sl\u012bps, melns"},"content":{"rendered":"<div class=\"PRODUCT__description desc description\">\n<div id=\"product-7c0d019fabfea9be1f66bf099b7f0231\">Sl\u012bps serdenis<br \/>\nPlastmasas korpuss<br \/>\nGaismas, \u016bdens un nodilumiztur\u012bgs<br \/>\nUzpild\u0101ms (tinte notur\u012bgajam mar\u0137ierim 650)<br \/>\nL\u012bnijas platums 4-12 mm<\/div>\n<p>&nbsp;<\/p>\n<\/div>\n<div class=\"PRODUCT__actions\">\n<div class=\"PRODUCT__actions-item\"><\/div>\n<\/div>\n","protected":false},"excerpt":{"rendered":"<div class=\"item_meta\">Cena ar PVN <span style=\"color: #ff0000;\"><strong>5,32 \u20ac<\/strong><\/span><\/div>\n","protected":false},"featured_media":6561,"template":"","meta":{"inline_featured_image":false},"product_cat":[338],"product_tag":[],"class_list":{"0":"post-6560","1":"product","2":"type-product","3":"status-publish","4":"has-post-thumbnail","6":"product_cat-permanentie-markieri","8":"first","9":"instock","10":"taxable","11":"shipping-taxable","12":"purchasable","13":"product-type-simple","14":"add-to-wishlist-after_add_to_cart"},"_links":{"self":[{"href":"https:\/\/alkaline.lv\/en\/wp-json\/wp\/v2\/product\/6560"}],"collection":[{"href":"https:\/\/alkaline.lv\/en\/wp-json\/wp\/v2\/product"}],"about":[{"href":"https:\/\/alkaline.lv\/en\/wp-json\/wp\/v2\/types\/product"}],"wp:featuredmedia":[{"embeddable":true,"href":"https:\/\/alkaline.lv\/en\/wp-json\/wp\/v2\/media\/6561"}],"wp:attachment":[{"href":"https:\/\/alkaline.lv\/en\/wp-json\/wp\/v2\/media?parent=6560"}],"wp:term":[{"taxonomy":"product_cat","embeddable":true,"href":"https:\/\/alkaline.lv\/en\/wp-json\/wp\/v2\/product_cat?post=6560"},{"taxonomy":"product_tag","embeddable":true,"href":"https:\/\/alkaline.lv\/en\/wp-json\/wp\/v2\/product_tag?post=6560"}],"curies":[{"name":"wp","href":"https:\/\/api.w.org\/{rel}","templated":true}]}}