{"id":6566,"date":"2021-09-21T15:42:04","date_gmt":"2021-09-21T12:42:04","guid":{"rendered":"https:\/\/alkaline.lv\/?post_type=product&#038;p=6566"},"modified":"2022-07-12T13:08:30","modified_gmt":"2022-07-12T10:08:30","slug":"permanentais-markieris-schneider-233-slips-1-5mm-sarkans","status":"publish","type":"product","link":"https:\/\/alkaline.lv\/en\/products\/permanentais-markieris-schneider-233-slips-1-5mm-sarkans\/","title":{"rendered":"Permanentais mar\u0137ieris SCHNEIDER 233, sl\u012bps, 1-5mm, sarkans"},"content":{"rendered":"<div class=\"PRODUCT__description desc description\">\n<div id=\"product-7c0d019fabfea9be1f66bf099b7f0231\">Sl\u012bps serdenis<br \/>\nAlum\u012bnija korpuss<br \/>\nGaismas, \u016bdens un nodilumiztur\u012bgs<br \/>\n\u0100tri \u017e\u016bsto\u0161s<br \/>\nUzpild\u0101ms (tinte notur\u012bgajam mar\u0137ierim 650)<br \/>\nL\u012bnijas platums 1-5 mm<br \/>\nJaun\u0101ka versija-v\u0101ci\u0146\u0161 ar \u0113rtu, praktisku klipsi<\/div>\n<\/div>\n","protected":false},"excerpt":{"rendered":"<div class=\"item_meta\">Cena ar PVN <span style=\"color: #ff0000;\"><strong>1,72 \u20ac<\/strong><\/span><\/div>\n","protected":false},"featured_media":6567,"template":"","meta":{"inline_featured_image":false},"product_cat":[338],"product_tag":[],"class_list":{"0":"post-6566","1":"product","2":"type-product","3":"status-publish","4":"has-post-thumbnail","6":"product_cat-permanentie-markieri","8":"first","9":"instock","10":"taxable","11":"shipping-taxable","12":"purchasable","13":"product-type-simple","14":"add-to-wishlist-after_add_to_cart"},"_links":{"self":[{"href":"https:\/\/alkaline.lv\/en\/wp-json\/wp\/v2\/product\/6566"}],"collection":[{"href":"https:\/\/alkaline.lv\/en\/wp-json\/wp\/v2\/product"}],"about":[{"href":"https:\/\/alkaline.lv\/en\/wp-json\/wp\/v2\/types\/product"}],"wp:featuredmedia":[{"embeddable":true,"href":"https:\/\/alkaline.lv\/en\/wp-json\/wp\/v2\/media\/6567"}],"wp:attachment":[{"href":"https:\/\/alkaline.lv\/en\/wp-json\/wp\/v2\/media?parent=6566"}],"wp:term":[{"taxonomy":"product_cat","embeddable":true,"href":"https:\/\/alkaline.lv\/en\/wp-json\/wp\/v2\/product_cat?post=6566"},{"taxonomy":"product_tag","embeddable":true,"href":"https:\/\/alkaline.lv\/en\/wp-json\/wp\/v2\/product_tag?post=6566"}],"curies":[{"name":"wp","href":"https:\/\/api.w.org\/{rel}","templated":true}]}}