{"id":6568,"date":"2021-09-21T15:42:36","date_gmt":"2021-09-21T12:42:36","guid":{"rendered":"https:\/\/alkaline.lv\/?post_type=product&#038;p=6568"},"modified":"2022-07-12T13:07:46","modified_gmt":"2022-07-12T10:07:46","slug":"permanentais-markieris-pentel-n850-konisks-1-4mm-melns","status":"publish","type":"product","link":"https:\/\/alkaline.lv\/en\/products\/permanentais-markieris-pentel-n850-konisks-1-4mm-melns\/","title":{"rendered":"Permanentais mar\u0137ieris PENTEL N850, konisks, 1-4mm, melns"},"content":{"rendered":"<div class=\"PRODUCT__description desc description\">\n<div id=\"product-7c0d019fabfea9be1f66bf099b7f0231\">Notur\u012bgais mar\u0137ieris PENTEL N850 konisks, l\u012bnijas platums 1-4 mm, melns Paredz\u0113ts darbam da\u017e\u0101d\u0101m virsm\u0101m<br \/>\nRa\u017eotaja preces kods N850-A<\/div>\n<\/div>\n","protected":false},"excerpt":{"rendered":"<div class=\"item_meta\">Cena ar PVN <span style=\"color: #ff0000;\"><strong>1,16 \u20ac<\/strong><\/span><\/div>\n","protected":false},"featured_media":6569,"template":"","meta":{"inline_featured_image":false},"product_cat":[338],"product_tag":[],"class_list":{"0":"post-6568","1":"product","2":"type-product","3":"status-publish","4":"has-post-thumbnail","6":"product_cat-permanentie-markieri","8":"first","9":"instock","10":"taxable","11":"shipping-taxable","12":"purchasable","13":"product-type-simple","14":"add-to-wishlist-after_add_to_cart"},"_links":{"self":[{"href":"https:\/\/alkaline.lv\/en\/wp-json\/wp\/v2\/product\/6568"}],"collection":[{"href":"https:\/\/alkaline.lv\/en\/wp-json\/wp\/v2\/product"}],"about":[{"href":"https:\/\/alkaline.lv\/en\/wp-json\/wp\/v2\/types\/product"}],"wp:featuredmedia":[{"embeddable":true,"href":"https:\/\/alkaline.lv\/en\/wp-json\/wp\/v2\/media\/6569"}],"wp:attachment":[{"href":"https:\/\/alkaline.lv\/en\/wp-json\/wp\/v2\/media?parent=6568"}],"wp:term":[{"taxonomy":"product_cat","embeddable":true,"href":"https:\/\/alkaline.lv\/en\/wp-json\/wp\/v2\/product_cat?post=6568"},{"taxonomy":"product_tag","embeddable":true,"href":"https:\/\/alkaline.lv\/en\/wp-json\/wp\/v2\/product_tag?post=6568"}],"curies":[{"name":"wp","href":"https:\/\/api.w.org\/{rel}","templated":true}]}}