{"id":6582,"date":"2021-09-21T15:57:50","date_gmt":"2021-09-21T12:57:50","guid":{"rendered":"https:\/\/alkaline.lv\/?post_type=product&#038;p=6582"},"modified":"2022-07-12T13:08:00","modified_gmt":"2022-07-12T10:08:00","slug":"permanentais-markieris-schneider-130-konisks-1-3mm-sarkans","status":"publish","type":"product","link":"https:\/\/alkaline.lv\/en\/products\/permanentais-markieris-schneider-130-konisks-1-3mm-sarkans\/","title":{"rendered":"Permanentais mar\u0137ieris SCHNEIDER 130, konisks, 1-3mm, sarkans"},"content":{"rendered":"<div class=\"PRODUCT__description desc description\">\n<div id=\"product-7c0d019fabfea9be1f66bf099b7f0231\">Konisks serdenis<br \/>\nPlastmasas korpuss<br \/>\nGaismas, \u016bdens un nodilumiztur\u012bgs<br \/>\nNeiz\u017e\u016bst, atst\u0101jot mar\u0137ieri vair\u0101kas dienas bez v\u0101ci\u0146a<br \/>\nL\u012bnijas platums 1-3 mm<br \/>\nV\u0101ci\u0146\u0161 ar \u0113rtu, prakstisku klipsi<\/div>\n<\/div>\n","protected":false},"excerpt":{"rendered":"<div class=\"item_meta\">Cena ar PVN <span style=\"color: #ff0000;\"><strong>0,97 \u20ac<\/strong><\/span><\/div>\n","protected":false},"featured_media":6583,"template":"","meta":{"inline_featured_image":false},"product_cat":[338],"product_tag":[],"class_list":{"0":"post-6582","1":"product","2":"type-product","3":"status-publish","4":"has-post-thumbnail","6":"product_cat-permanentie-markieri","8":"first","9":"instock","10":"taxable","11":"shipping-taxable","12":"purchasable","13":"product-type-simple","14":"add-to-wishlist-after_add_to_cart"},"_links":{"self":[{"href":"https:\/\/alkaline.lv\/en\/wp-json\/wp\/v2\/product\/6582"}],"collection":[{"href":"https:\/\/alkaline.lv\/en\/wp-json\/wp\/v2\/product"}],"about":[{"href":"https:\/\/alkaline.lv\/en\/wp-json\/wp\/v2\/types\/product"}],"wp:featuredmedia":[{"embeddable":true,"href":"https:\/\/alkaline.lv\/en\/wp-json\/wp\/v2\/media\/6583"}],"wp:attachment":[{"href":"https:\/\/alkaline.lv\/en\/wp-json\/wp\/v2\/media?parent=6582"}],"wp:term":[{"taxonomy":"product_cat","embeddable":true,"href":"https:\/\/alkaline.lv\/en\/wp-json\/wp\/v2\/product_cat?post=6582"},{"taxonomy":"product_tag","embeddable":true,"href":"https:\/\/alkaline.lv\/en\/wp-json\/wp\/v2\/product_tag?post=6582"}],"curies":[{"name":"wp","href":"https:\/\/api.w.org\/{rel}","templated":true}]}}