{"id":6614,"date":"2021-09-21T19:01:18","date_gmt":"2021-09-21T16:01:18","guid":{"rendered":"https:\/\/alkaline.lv\/?post_type=product&#038;p=6614"},"modified":"2022-07-12T13:27:30","modified_gmt":"2022-07-12T10:27:30","slug":"fromasteri-kores-korellos-divi-viena-10-gb","status":"publish","type":"product","link":"https:\/\/alkaline.lv\/en\/products\/fromasteri-kores-korellos-divi-viena-10-gb\/","title":{"rendered":"Flom\u0101steri KORES Korellos, divi vien\u0101, 10 kr\u0101sas"},"content":{"rendered":"<div class=\"PRODUCT__description desc description\">\n<div id=\"product-f58a43c6e9addca3d972ffea7791542a\">\n<div class=\"PRODUCT__description desc description\">\n<div id=\"product-3bf704b6f7285ccb7ff10aef5158c015-full\">\n<div class=\"PRODUCT__description desc description\">\n<div id=\"product-3bf704b6f7285ccb7ff10aef5158c015-full\">\n<div class=\"PRODUCT__description desc description\">\n<div class=\"PRODUCT__description desc description\">\n<div class=\"PRODUCT__description desc description\">\n<div id=\"product-0dcdacb34196e0f79e62c7fee68d9979\">Divpus\u0113ji flom\u0101steri ar tievu un konisku kodolu. Ilgs kalpo\u0161anas termi\u0146\u0161. Ide\u0101li piem\u0113rots kr\u0101so\u0161anai un z\u012bm\u0113\u0161anai. Komplekt\u0101 ir 10 ko\u0161as un spilgtas kr\u0101sas. Viegli nomazgajami no \u0101das, auduma un cit\u0101m virsm\u0101m ar \u016bdeni un ziep\u0113m. Past\u0101v\u012bga un vienm\u0113r\u012bga tintes padeve. Nodro\u0161ina neiz\u017e\u016b\u0161anu p\u0113c kor\u0137\u012b\u0161a atver\u0161anas 48 stundas. Ide\u0101ls skolai. PU12<\/div>\n<\/div>\n<\/div>\n<\/div>\n<\/div>\n<\/div>\n<\/div>\n<\/div>\n<div class=\"PRODUCT__actions\">\n<div class=\"PRODUCT__actions-item\"><\/div>\n<\/div>\n<\/div>\n<\/div>\n","protected":false},"excerpt":{"rendered":"<div class=\"item_meta\">Cena ar PVN <span style=\"color: #ff0000;\"><strong>4,03 \u20ac<\/strong><\/span><\/div>\n","protected":false},"featured_media":6615,"template":"","meta":{"inline_featured_image":false},"product_cat":[335],"product_tag":[],"class_list":{"0":"post-6614","1":"product","2":"type-product","3":"status-publish","4":"has-post-thumbnail","6":"product_cat-flomasteri","8":"first","9":"instock","10":"taxable","11":"shipping-taxable","12":"purchasable","13":"product-type-simple","14":"add-to-wishlist-after_add_to_cart"},"_links":{"self":[{"href":"https:\/\/alkaline.lv\/en\/wp-json\/wp\/v2\/product\/6614","targetHints":{"allow":["GET"]}}],"collection":[{"href":"https:\/\/alkaline.lv\/en\/wp-json\/wp\/v2\/product"}],"about":[{"href":"https:\/\/alkaline.lv\/en\/wp-json\/wp\/v2\/types\/product"}],"wp:featuredmedia":[{"embeddable":true,"href":"https:\/\/alkaline.lv\/en\/wp-json\/wp\/v2\/media\/6615"}],"wp:attachment":[{"href":"https:\/\/alkaline.lv\/en\/wp-json\/wp\/v2\/media?parent=6614"}],"wp:term":[{"taxonomy":"product_cat","embeddable":true,"href":"https:\/\/alkaline.lv\/en\/wp-json\/wp\/v2\/product_cat?post=6614"},{"taxonomy":"product_tag","embeddable":true,"href":"https:\/\/alkaline.lv\/en\/wp-json\/wp\/v2\/product_tag?post=6614"}],"curies":[{"name":"wp","href":"https:\/\/api.w.org\/{rel}","templated":true}]}}