{"id":6616,"date":"2021-09-21T19:06:19","date_gmt":"2021-09-21T16:06:19","guid":{"rendered":"https:\/\/alkaline.lv\/?post_type=product&#038;p=6616"},"modified":"2022-05-31T21:33:28","modified_gmt":"2022-05-31T18:33:28","slug":"fromasteri-universal-joy-6-krasas","status":"publish","type":"product","link":"https:\/\/alkaline.lv\/en\/products\/fromasteri-universal-joy-6-krasas\/","title":{"rendered":"Flom\u0101steri UNIVERSAL JOY, 6 kr\u0101sas"},"content":{"rendered":"<div class=\"PRODUCT__description desc description\">\n<div id=\"product-f58a43c6e9addca3d972ffea7791542a\">\n<div class=\"PRODUCT__description desc description\">\n<div id=\"product-3bf704b6f7285ccb7ff10aef5158c015-full\">\n<div class=\"PRODUCT__description desc description\">\n<div id=\"product-3bf704b6f7285ccb7ff10aef5158c015-full\">\n<div class=\"PRODUCT__description desc description\">\n<div class=\"PRODUCT__description desc description\">\n<div class=\"PRODUCT__description desc description\">\n<div id=\"product-0dcdacb34196e0f79e62c7fee68d9979\">Serde\u0146a platums \u2013 2 mm<br \/>\nRaksta garums \u2013 800 m<br \/>\nTrecieniztur\u012bgs flomastera gals<br \/>\nTinte uz \u016bdens b\u0101zes, viegli izmazg\u0101jama<br \/>\nKartona iepakojums<\/div>\n<\/div>\n<\/div>\n<\/div>\n<\/div>\n<\/div>\n<\/div>\n<\/div>\n<div class=\"PRODUCT__actions\">\n<div class=\"PRODUCT__actions-item\"><\/div>\n<\/div>\n<\/div>\n<\/div>\n","protected":false},"excerpt":{"rendered":"<div class=\"item_meta\">Cena ar PVN <span style=\"color: #ff0000;\"><strong>1,02 \u20ac<\/strong><\/span><\/div>\n","protected":false},"featured_media":6615,"template":"","meta":{"inline_featured_image":false},"product_cat":[335],"product_tag":[],"class_list":{"0":"post-6616","1":"product","2":"type-product","3":"status-publish","4":"has-post-thumbnail","6":"product_cat-flomasteri","8":"first","9":"outofstock","10":"taxable","11":"shipping-taxable","12":"purchasable","13":"product-type-simple","14":"add-to-wishlist-after_add_to_cart"},"_links":{"self":[{"href":"https:\/\/alkaline.lv\/en\/wp-json\/wp\/v2\/product\/6616","targetHints":{"allow":["GET"]}}],"collection":[{"href":"https:\/\/alkaline.lv\/en\/wp-json\/wp\/v2\/product"}],"about":[{"href":"https:\/\/alkaline.lv\/en\/wp-json\/wp\/v2\/types\/product"}],"wp:featuredmedia":[{"embeddable":true,"href":"https:\/\/alkaline.lv\/en\/wp-json\/wp\/v2\/media\/6615"}],"wp:attachment":[{"href":"https:\/\/alkaline.lv\/en\/wp-json\/wp\/v2\/media?parent=6616"}],"wp:term":[{"taxonomy":"product_cat","embeddable":true,"href":"https:\/\/alkaline.lv\/en\/wp-json\/wp\/v2\/product_cat?post=6616"},{"taxonomy":"product_tag","embeddable":true,"href":"https:\/\/alkaline.lv\/en\/wp-json\/wp\/v2\/product_tag?post=6616"}],"curies":[{"name":"wp","href":"https:\/\/api.w.org\/{rel}","templated":true}]}}