{"id":6624,"date":"2021-09-21T20:32:17","date_gmt":"2021-09-21T17:32:17","guid":{"rendered":"https:\/\/alkaline.lv\/?post_type=product&#038;p=6624"},"modified":"2021-09-21T20:34:10","modified_gmt":"2021-09-21T17:34:10","slug":"pasliposa-cd-kabata10-gab","status":"publish","type":"product","link":"https:\/\/alkaline.lv\/en\/products\/pasliposa-cd-kabata10-gab\/","title":{"rendered":"Pa\u0161l\u012bpo\u0161a CD kabata,10 gab."},"content":{"rendered":"<p>Izm\u0113rs 127 x 124 mm<br \/>\nAr aizveramu atloku<br \/>\nCaursp\u012bd\u012bgas<br \/>\nRa\u017eot\u0101ja preces kods DU808019<\/p>\n","protected":false},"excerpt":{"rendered":"<div class=\"item_meta\">Cena ar PVN <span style=\"color: #ff0000;\"><strong>9,92 \u20ac<\/strong><\/span><\/div>\n","protected":false},"featured_media":6625,"template":"","meta":{"inline_featured_image":false},"product_cat":[294],"product_tag":[],"class_list":{"0":"post-6624","1":"product","2":"type-product","3":"status-publish","4":"has-post-thumbnail","6":"product_cat-specialas-aploksnes","8":"first","9":"instock","10":"taxable","11":"shipping-taxable","12":"purchasable","13":"product-type-simple","14":"add-to-wishlist-after_add_to_cart"},"_links":{"self":[{"href":"https:\/\/alkaline.lv\/en\/wp-json\/wp\/v2\/product\/6624"}],"collection":[{"href":"https:\/\/alkaline.lv\/en\/wp-json\/wp\/v2\/product"}],"about":[{"href":"https:\/\/alkaline.lv\/en\/wp-json\/wp\/v2\/types\/product"}],"wp:featuredmedia":[{"embeddable":true,"href":"https:\/\/alkaline.lv\/en\/wp-json\/wp\/v2\/media\/6625"}],"wp:attachment":[{"href":"https:\/\/alkaline.lv\/en\/wp-json\/wp\/v2\/media?parent=6624"}],"wp:term":[{"taxonomy":"product_cat","embeddable":true,"href":"https:\/\/alkaline.lv\/en\/wp-json\/wp\/v2\/product_cat?post=6624"},{"taxonomy":"product_tag","embeddable":true,"href":"https:\/\/alkaline.lv\/en\/wp-json\/wp\/v2\/product_tag?post=6624"}],"curies":[{"name":"wp","href":"https:\/\/api.w.org\/{rel}","templated":true}]}}