{"id":6669,"date":"2021-10-19T19:09:57","date_gmt":"2021-10-19T16:09:57","guid":{"rendered":"https:\/\/alkaline.lv\/?post_type=product&#038;p=6669"},"modified":"2023-07-21T09:34:36","modified_gmt":"2023-07-21T06:34:36","slug":"covid-19-antigen-test-kit-colloidal-gold-siekalu-tests-1-gab","status":"publish","type":"product","link":"https:\/\/alkaline.lv\/en\/products\/covid-19-antigen-test-kit-colloidal-gold-siekalu-tests-1-gab\/","title":{"rendered":"COVID-19 Antigen Test Kit (Colloidal Gold) siekalu tests, 1 gab."},"content":{"rendered":"<h2 id=\"s_legend\" data-anchor=\"legend\">PRECES APRAKSTS<\/h2>\n<ul>\n<li style=\"list-style-type: none;\">\n<ul>\n<li style=\"list-style-type: none;\">\n<ul>\n<li style=\"list-style-type: none;\">\n<ul>\n<li>Parauga ieg\u016b\u0161ana &#8211; siekalu tampons<\/li>\n<li>Tampons j\u0101tur zem vai virs m\u0113les aptuveni 1 min\u016bti<\/li>\n<li>Rezult\u0101ts ieg\u016bstam 15 min\u016b\u0161u laik\u0101<\/li>\n<li>Testa veik\u0161ana ir vienk\u0101r\u0161a, nerada nepat\u012bkamas izj\u016btas t\u0101 veik\u0161anas laik\u0101<\/li>\n<li>Tests ir sertific\u0113ts un re\u0123istr\u0113ts ES datu b\u0101z\u0113, Invitro testus nav nepiecie\u0161ams papildus re\u0123istr\u0113t ZVA<\/li>\n<li>Iepakojum\u0101 40 individu\u0101li iepakoti testi<\/li>\n<li>Invitro tests, CE<\/li>\n<li>Precizit\u0101te: 98,59% &#8211; 99,96%<\/li>\n<li>Jut\u012bgums: 97,75% &#8211; 100%<\/li>\n<\/ul>\n<\/li>\n<\/ul>\n<\/li>\n<\/ul>\n<\/li>\n<\/ul>\n<p>&nbsp;<\/p>\n<p><b>Re\u0123istr\u0113ts<span class=\"Apple-converted-space\">\u00a0<\/span><\/b><span style=\"box-sizing: border-box;\"><b>Eiropas Komisijas Covid-19 diagnostisko testu datub\u0101z\u0113:<\/b><\/span><\/p>\n<p>https:\/\/covid-19-diagnostics.jrc.ec.europa.eu\/devices\/detail\/1974<\/p>\n<h2 id=\"s_legend\" data-anchor=\"legend\">TESTA VEIK\u0160ANAS PROCED\u016aRA<\/h2>\n<p>1. Iz\u0146emiet testa kaseti no aizz\u012bmogot\u0101 folijas maisi\u0146a un izmantojiet to p\u0113c iesp\u0113jas \u0101tr\u0101k. Vislab\u0101kos rezult\u0101tus var ieg\u016bt, ja tests tiks\u00a0veikts vienas stundas laik\u0101.<\/p>\n<div class=\"page\" title=\"Page 1\">\n<div class=\"section\">\n<div class=\"layoutArea\">\n<div class=\"column\">\n<p>2.<span class=\"Apple-converted-space\">\u00a0<\/span>Novietojiet testa ier\u012bci uz t\u012bras un l\u012bdzenas virsmas. Darb\u012bbas<br \/>\nprocess:<br \/>\n1.<span class=\"Apple-converted-space\">\u00a0<\/span>Sav\u0101ciet izdal\u012bjumus no priek\u0161\u0113j\u0101 deguna dobuma virsmas, turiet galvu nedaudz noliektu un uzman\u012bgi un l\u0113ni ievietojiet tamponu<span class=\"Apple-converted-space\">\u00a0<\/span>caur deguna dobumu (apm\u0113ram 2-4 cm), viegli pagrieziet 5 reizes un viegli pagrieziet, lai iz\u0146emtu tamponu.<\/p>\n<p>vai<\/p>\n<p>2.<span class=\"Apple-converted-space\">\u00a0<\/span>Novietojiet antig\u0113na ekstrakcijas m\u0113\u0123eni uz darba virsmas. Turot antig\u0113na ekstrakcijas bufera pudeli vertik\u0101li uz leju, saspiediet<span class=\"Apple-converted-space\">\u00a0<\/span>pudeli, lai buferis br\u012bvi pil\u0113tu ekstrakcijas m\u0113\u0123en\u0113, nepieskaroties m\u0113\u0123enes malai, un pievienojiet 6 pilienus (apm\u0113ram 200 ul)\u00a0ekstrakcijas m\u0113\u0123enei.<\/p>\n<p>3.<span class=\"Apple-converted-space\">\u00a0<\/span>Ievietojiet paraugu tamponu ekstrakcijas m\u0113\u0123en\u0113, kas iepriek\u0161 piepild\u012bta ar antig\u0113na ekstrakcijas buferi, un pagrieziet tamponu<span class=\"Apple-converted-space\">\u00a0<\/span>apm\u0113ram 10 reizes, vienlaikus piespie\u017eot tampona galvu m\u0113\u0123enes sieni\u0146ai, lai atbr\u012bvotu antig\u0113nu tampon\u0101, p\u0113c tam \u013caujiet tam nost\u0101v\u0113ties.<br \/>\n4.<span class=\"Apple-converted-space\">\u00a0<\/span>Iz\u0146emiet tamponu, vienlaikus saspie\u017eot tampona galu, lai no tampona dab\u016btu p\u0113c iesp\u0113jas vair\u0101k \u0161\u0137idruma.<br \/>\n5.<span class=\"Apple-converted-space\">\u00a0<\/span>Uzst\u0101diet pilin\u0101t\u0101ju uz ekstrakcijas m\u0113\u0123enes un cie\u0161i aizveriet to un \u013caujiet tam nost\u0101v\u0113ties apm\u0113ram 1 min\u016bti.<br \/>\n6. Atveriet alum\u012bnija folijas maisi\u0146u un iz\u0146emiet testa karti, pievienojiet 3 pilienus (apm\u0113ram 100 \u03bcl) testa kartes parauga atver\u0113 (vai<span class=\"Apple-converted-space\">\u00a0<\/span>izmantojiet pipeti, lai pievienotu 100 \u03bcl) un iedarbiniet taimeri.<br \/>\n7.<span class=\"Apple-converted-space\">\u00a0<\/span>Pagaidiet, l\u012bdz par\u0101d\u0101s kr\u0101sain\u0101 l\u012bnija. Testa rezult\u0101ti j\u0101nolasa 15 min\u016b\u0161u laik\u0101. Neinterpret\u0113jiet rezult\u0101tu p\u0113c 15 &#8211; 20 min\u016bt\u0113m.<\/p>\n<\/div>\n<\/div>\n<\/div>\n<\/div>\n<p>&nbsp;<\/p>\n","protected":false},"excerpt":{"rendered":"<p>PRECES APRAKSTS Parauga ieg\u016b\u0161ana &#8211; siekalu tampons Tampons j\u0101tur zem vai virs m\u0113les aptuveni 1 min\u016bti Rezult\u0101ts ieg\u016bstam 15 min\u016b\u0161u laik\u0101 Testa veik\u0161ana ir vienk\u0101r\u0161a, nerada nepat\u012bkamas izj\u016btas t\u0101 veik\u0161anas laik\u0101 Tests ir sertific\u0113ts un re\u0123istr\u0113ts ES datu b\u0101z\u0113, Invitro testus nav nepiecie\u0161ams papildus re\u0123istr\u0113t ZVA Iepakojum\u0101 40 individu\u0101li iepakoti testi Invitro tests, CE Precizit\u0101te: [&hellip;]<\/p>\n","protected":false},"featured_media":9643,"template":"","meta":{"inline_featured_image":false},"product_cat":[357],"product_tag":[],"class_list":{"0":"post-6669","1":"product","2":"type-product","3":"status-publish","4":"has-post-thumbnail","6":"product_cat-covid-19-tests","8":"first","9":"instock","10":"taxable","11":"shipping-taxable","12":"purchasable","13":"product-type-simple","14":"add-to-wishlist-after_add_to_cart"},"_links":{"self":[{"href":"https:\/\/alkaline.lv\/en\/wp-json\/wp\/v2\/product\/6669","targetHints":{"allow":["GET"]}}],"collection":[{"href":"https:\/\/alkaline.lv\/en\/wp-json\/wp\/v2\/product"}],"about":[{"href":"https:\/\/alkaline.lv\/en\/wp-json\/wp\/v2\/types\/product"}],"wp:featuredmedia":[{"embeddable":true,"href":"https:\/\/alkaline.lv\/en\/wp-json\/wp\/v2\/media\/9643"}],"wp:attachment":[{"href":"https:\/\/alkaline.lv\/en\/wp-json\/wp\/v2\/media?parent=6669"}],"wp:term":[{"taxonomy":"product_cat","embeddable":true,"href":"https:\/\/alkaline.lv\/en\/wp-json\/wp\/v2\/product_cat?post=6669"},{"taxonomy":"product_tag","embeddable":true,"href":"https:\/\/alkaline.lv\/en\/wp-json\/wp\/v2\/product_tag?post=6669"}],"curies":[{"name":"wp","href":"https:\/\/api.w.org\/{rel}","templated":true}]}}