{"id":6671,"date":"2021-10-19T19:22:20","date_gmt":"2021-10-19T16:22:20","guid":{"rendered":"https:\/\/alkaline.lv\/?post_type=product&#038;p=6671"},"modified":"2021-10-19T19:26:38","modified_gmt":"2021-10-19T16:26:38","slug":"covid-19-antigen-rapid-test-nasopharynx-deguna-dobuma-tests-1-gab","status":"publish","type":"product","link":"https:\/\/alkaline.lv\/en\/products\/covid-19-antigen-rapid-test-nasopharynx-deguna-dobuma-tests-1-gab\/","title":{"rendered":"COVID-19 Antigen Rapid Test (Nasopharynx), deguna dobuma tests, 1 gab."},"content":{"rendered":"<p>COVID-19 antig\u0113na \u0101trais tests ir \u0101trs hromatogr\u0101fisks im\u016bnanal\u012b\u017eu veids, lai kvalitat\u012bvi noteiktu SARS-CoV-2 antig\u0113nus, kas atrodas cilv\u0113ka nazofarneks\u0101. Paredz\u0113ts gan profesion\u0101lai, gan individu\u0101lai lieto\u0161anai in vitro diagnostikai.<\/p>\n<p>PARAUGU SAGATAVO\u0160ANA<br \/>\nUztriepes paraugu sagatavo\u0161anai j\u0101izmanto tikai komplekt\u0101 iek\u013cautais ekstrakcijas buferis un m\u0113\u0123enes.<br \/>\nSagatavo\u0161ana ar ekstrakcijas buferi ar integr\u0113tu ekstrakcijas cauruli:<br \/>\n1. Atskr\u016bv\u0113jiet parauga ekstrakcijas m\u0113\u0123enes v\u0101ci\u0146u ar ekstrakcijas buferi.<br \/>\n2. Ielieciet uztriepes paraugu parauga ekstrakcijas m\u0113\u0123en\u0113. Nospiediet pret m\u0113\u0123enes iek\u0161\u0113jo sienu un samaisiet uztriepi apm\u0113ram 10 sekundes, vienlaikus nospie\u017eot uztriepes galvu pret caurules iek\u0161\u0113jo sienu, lai atbr\u012bvotu antig\u0113nus ekstrakcijas m\u0113\u0123en\u0113.<br \/>\n3. No\u0146emiet uztriepi, vienlaikus saspie\u017eot caurules s\u0101nus, lai no uztriepes ieg\u016btu \u0161\u0137idrumu.<br \/>\n4. Pievelciet v\u0101ci\u0146u uz parauga ekstrakcijas caurules.<\/p>\n<p>LIETO\u0160ANAS NOR\u0100D\u012aJUMI<br \/>\nPirms testa \u013cauj testam, ekstrah\u0113tajam paraugam un \/ vai kontrolier\u012bc\u0113m l\u012bdzsvaroties l\u012bdz istabas temperat\u016brai (15-30 \u00b0 C).<br \/>\n1. Iz\u0146emiet testa kaseti no nosl\u0113gt\u0101 folijas maisi\u0146a un izmantojiet to vienas stundas laik\u0101. Vislab\u0101kos rezult\u0101tus ieg\u016bs, ja tests tiks veikts uzreiz p\u0113c folijas maisi\u0146a atv\u0113r\u0161anas.<br \/>\n2. Apgrieziet parauga ekstrakcijas m\u0113\u0123eni un parauga iedob\u0113 (S) pievienojiet 3 pilienus ekstrah\u0113t\u0101 parauga (apm\u0113ram 100 \u03bcl) un p\u0113c tam iedarbiniet taimeri.<br \/>\n3. Pagaidiet, l\u012bdz par\u0101d\u0101s kr\u0101saina (-s) l\u012bnija (-s). Izlasiet rezult\u0101tu 15 min\u016bt\u0113s. Neinterpret\u0113jiet rezult\u0101tu p\u0113c 20 min\u016bt\u0113m.<\/p>\n<p>POZIT\u012aVS: * Par\u0101d\u0101s divas at\u0161\u0137ir\u012bgas kr\u0101sas l\u012bnijas. Vienai kr\u0101sainai l\u012bnijai j\u0101b\u016bt kontroles apgabal\u0101<br \/>\n(C) un citai kr\u0101sainai l\u012bnijai j\u0101b\u016bt testa apgabal\u0101 (T). Pozit\u012bvs rezult\u0101ts testa apgabal\u0101 nor\u0101da uz SARS-COV-2 antig\u0113nu noteik\u0161anu paraug\u0101.<br \/>\n* PIEZ\u012aME. Kr\u0101sas intensit\u0101te testa l\u012bnijas apgabal\u0101 (T) main\u012bsies atkar\u012bb\u0101 no SARS-COV-2 antig\u0113na daudzuma paraug\u0101. T\u0101tad jebkura kr\u0101sas nokr\u0101sa testa re\u0123ion\u0101 (T) j\u0101uzskata par pozit\u012bvu.<br \/>\nNEGAT\u012aVS: Kontroles apgabal\u0101 (C) par\u0101d\u0101s viena kr\u0101saina l\u012bnija. P\u0101rbaudes l\u012bnijas apgabal\u0101 (T) nav redzamas kr\u0101sainas l\u012bnijas.<br \/>\nNEDER\u012aGA: vad\u012bbas l\u012bnija nepar\u0101d\u0101s. Nepietiekams parauga tilpums vai nepareiza procesu\u0101l\u0101 tehnika ir visticam\u0101kais iemesls vad\u012bbas l\u012bnijas atteicei. P\u0101rskatiet proced\u016bru un atk\u0101rtojiet testu ar jaunu testu. Ja probl\u0113ma joproj\u0101m past\u0101v, nekav\u0113joties p\u0101rtrauciet testa komplekta lieto\u0161anu un sazinieties ar viet\u0113jo izplat\u012bt\u0101ju.<\/p>\n","protected":false},"excerpt":{"rendered":"<div class=\"item_meta\">Cena ar PVN <span style=\"color: #ff0000;\"><strong>9,87 \u20ac<\/strong><\/span><\/div>\n","protected":false},"featured_media":6672,"template":"","meta":{"inline_featured_image":false},"product_cat":[357],"product_tag":[],"class_list":{"0":"post-6671","1":"product","2":"type-product","3":"status-publish","4":"has-post-thumbnail","6":"product_cat-covid-19-tests","8":"first","9":"instock","10":"taxable","11":"shipping-taxable","12":"purchasable","13":"product-type-simple","14":"add-to-wishlist-after_add_to_cart"},"_links":{"self":[{"href":"https:\/\/alkaline.lv\/en\/wp-json\/wp\/v2\/product\/6671"}],"collection":[{"href":"https:\/\/alkaline.lv\/en\/wp-json\/wp\/v2\/product"}],"about":[{"href":"https:\/\/alkaline.lv\/en\/wp-json\/wp\/v2\/types\/product"}],"wp:featuredmedia":[{"embeddable":true,"href":"https:\/\/alkaline.lv\/en\/wp-json\/wp\/v2\/media\/6672"}],"wp:attachment":[{"href":"https:\/\/alkaline.lv\/en\/wp-json\/wp\/v2\/media?parent=6671"}],"wp:term":[{"taxonomy":"product_cat","embeddable":true,"href":"https:\/\/alkaline.lv\/en\/wp-json\/wp\/v2\/product_cat?post=6671"},{"taxonomy":"product_tag","embeddable":true,"href":"https:\/\/alkaline.lv\/en\/wp-json\/wp\/v2\/product_tag?post=6671"}],"curies":[{"name":"wp","href":"https:\/\/api.w.org\/{rel}","templated":true}]}}