{"id":6703,"date":"2021-11-21T10:16:39","date_gmt":"2021-11-21T08:16:39","guid":{"rendered":"https:\/\/alkaline.lv\/?post_type=product&#038;p=6703"},"modified":"2023-03-17T15:32:34","modified_gmt":"2023-03-17T13:32:34","slug":"pisuara-ieliktnis-v-screen-yellow-citrus-mango","status":"publish","type":"product","link":"https:\/\/alkaline.lv\/en\/products\/pisuara-ieliktnis-v-screen-yellow-citrus-mango\/","title":{"rendered":"Pisu\u0101ra ieliktnis V-SCREEN YELLOW CITRUS MANGO"},"content":{"rendered":"<div class=\"simple-content\">\n<div class=\"simple-content\">\n<div class=\"simple-content\">\n<div class=\"simple-content\">\n<div class=\"simple-content\">\n<div class=\"simple-content\">\n<div class=\"item-long-desc\">\n<div class=\"zeborah mb-32\">\n<div class=\"zeborah-row\">\n<div class=\"row\">\n<div class=\"col-6\">\u012apa\u0161a dizaina pisu\u0101ru filtrs\/ieliktnis, kur\u0161 ne tikai aizkav\u0113 da\u017e\u0101du net\u012brumu (ko\u0161\u013c\u0101jam\u0101 gumija, izsm\u0113\u0137i, pap\u012brs u.tml.) iek\u013c\u016b\u0161anu kanaliz\u0101cij\u0101, k\u0101 rezult\u0101t\u0101 pisu\u0101rs var\u0113tu aizdamb\u0113ties, bet ar\u012b nodro\u0161ina telp\u0101 svaigu arom\u0101tu l\u012bdz pat 30 dien\u0101m.<\/div>\n<div>\n<div>\n<p>Uz katra iepakojuma nor\u0101d\u012bta t\u0101 lieto\u0161anas instrukcija.<\/p>\n<p><strong>Arom\u0101ts: Tropiskie aug\u013ci un citruss<\/strong><\/p>\n<p><strong>Izm\u0113rs: 17,8 x 17,8cm<\/strong><\/p>\n<\/div>\n<\/div>\n<\/div>\n<\/div>\n<\/div>\n<\/div>\n<\/div>\n<\/div>\n<\/div>\n<\/div>\n<\/div>\n<\/div>\n","protected":false},"excerpt":{"rendered":"<div class=\"item_meta\"><\/div>\n<div><\/div>\n","protected":false},"featured_media":6704,"template":"","meta":{"inline_featured_image":false},"product_cat":[239],"product_tag":[],"class_list":{"0":"post-6703","1":"product","2":"type-product","3":"status-publish","4":"has-post-thumbnail","6":"product_cat-wc-ieliktni-un-pisuara-tabletes","8":"first","9":"instock","10":"taxable","11":"shipping-taxable","12":"purchasable","13":"product-type-simple","14":"add-to-wishlist-after_add_to_cart"},"_links":{"self":[{"href":"https:\/\/alkaline.lv\/en\/wp-json\/wp\/v2\/product\/6703"}],"collection":[{"href":"https:\/\/alkaline.lv\/en\/wp-json\/wp\/v2\/product"}],"about":[{"href":"https:\/\/alkaline.lv\/en\/wp-json\/wp\/v2\/types\/product"}],"wp:featuredmedia":[{"embeddable":true,"href":"https:\/\/alkaline.lv\/en\/wp-json\/wp\/v2\/media\/6704"}],"wp:attachment":[{"href":"https:\/\/alkaline.lv\/en\/wp-json\/wp\/v2\/media?parent=6703"}],"wp:term":[{"taxonomy":"product_cat","embeddable":true,"href":"https:\/\/alkaline.lv\/en\/wp-json\/wp\/v2\/product_cat?post=6703"},{"taxonomy":"product_tag","embeddable":true,"href":"https:\/\/alkaline.lv\/en\/wp-json\/wp\/v2\/product_tag?post=6703"}],"curies":[{"name":"wp","href":"https:\/\/api.w.org\/{rel}","templated":true}]}}