{"id":70277,"date":"2023-12-18T09:31:24","date_gmt":"2023-12-18T07:31:24","guid":{"rendered":"https:\/\/alkaline.lv\/?post_type=product&#038;p=70277"},"modified":"2023-12-20T09:04:06","modified_gmt":"2023-12-20T07:04:06","slug":"papira-dvielis-rullos-katrin-ease-system-plus-balts-2-slani-160-m-neperforets-6-rulli-iepak","status":"publish","type":"product","link":"https:\/\/alkaline.lv\/en\/products\/papira-dvielis-rullos-katrin-ease-system-plus-balts-2-slani-160-m-neperforets-6-rulli-iepak\/","title":{"rendered":"Pap\u012bra dvielis ru\u013c\u013cos KATRIN EASE SYSTEM Plus Balts, 2 sl\u0101\u0146i, 160 m, neperfor\u0113ts, 6 ru\u013c\u013ci\/iepak."},"content":{"rendered":"<ul>\n<li>2 sl\u0101\u0146i<\/li>\n<li>Celuloze, neperfor\u0113ts<\/li>\n<li>Ru\u013c\u013ca garums: 160 m<\/li>\n<li>Ru\u013c\u013ca diametrs: 19 cm<\/li>\n<li>Loksnes izm\u0113rs: 210 mm<\/li>\n<li>6 ru\u013c\u013ci iepakojum\u0101<\/li>\n<li>36 iepakojumi palet\u0113<\/li>\n<li>Higi\u0113nisks risin\u0101jums, kas balst\u012bts uz \u012bpa\u0161i absorb\u0113jo\u0161u jauktu \u0161\u0137iedru pap\u012bru efekt\u012bvai \u017e\u0101v\u0113\u0161anai<\/li>\n<li>Plakan\u0101s loksnes tiek izvad\u012btas pareiz\u0101 izm\u0113r\u0101<\/li>\n<li>Nulles zudums, jo viss izt\u0113r\u0113tais pap\u012brs ir izt\u012bts<\/li>\n<li>Piem\u0113rots vis\u0101m mazg\u0101\u0161anas telp\u0101m, bet \u012bpa\u0161i tur, kur ir vid\u0113ja vai liela cilv\u0113ka pl\u016bsma<\/li>\n<li>M\u012bksts un stiprs<\/li>\n<li>Kontrol\u0113ts pat\u0113ri\u0146\u0161 un samazin\u0101tas lieto\u0161anas izmaksas<\/li>\n<\/ul>\n<p><strong>Vide<\/strong><img decoding=\"async\" src=\"https:\/\/www.antalis.lv\/mediashare\/g4media\/images\/picto\/PICT_ENVIR_189.jpg\" \/><\/p>\n","protected":false},"excerpt":{"rendered":"<div class=\"item_meta\"><\/div>\n<div><\/div>\n","protected":false},"featured_media":70278,"template":"","meta":{"inline_featured_image":false},"product_cat":[91],"product_tag":[],"class_list":{"0":"post-70277","1":"product","2":"type-product","3":"status-publish","4":"has-post-thumbnail","6":"product_cat-roku-dvieli","8":"first","9":"instock","10":"taxable","11":"shipping-taxable","12":"purchasable","13":"product-type-simple","14":"add-to-wishlist-after_add_to_cart"},"_links":{"self":[{"href":"https:\/\/alkaline.lv\/en\/wp-json\/wp\/v2\/product\/70277","targetHints":{"allow":["GET"]}}],"collection":[{"href":"https:\/\/alkaline.lv\/en\/wp-json\/wp\/v2\/product"}],"about":[{"href":"https:\/\/alkaline.lv\/en\/wp-json\/wp\/v2\/types\/product"}],"wp:featuredmedia":[{"embeddable":true,"href":"https:\/\/alkaline.lv\/en\/wp-json\/wp\/v2\/media\/70278"}],"wp:attachment":[{"href":"https:\/\/alkaline.lv\/en\/wp-json\/wp\/v2\/media?parent=70277"}],"wp:term":[{"taxonomy":"product_cat","embeddable":true,"href":"https:\/\/alkaline.lv\/en\/wp-json\/wp\/v2\/product_cat?post=70277"},{"taxonomy":"product_tag","embeddable":true,"href":"https:\/\/alkaline.lv\/en\/wp-json\/wp\/v2\/product_tag?post=70277"}],"curies":[{"name":"wp","href":"https:\/\/api.w.org\/{rel}","templated":true}]}}