{"id":70298,"date":"2024-01-15T12:31:54","date_gmt":"2024-01-15T10:31:54","guid":{"rendered":"https:\/\/alkaline.lv\/?post_type=product&#038;p=70298"},"modified":"2024-01-15T12:34:19","modified_gmt":"2024-01-15T10:34:19","slug":"roku-zavetajs-danija-metala-elektriskais-putejs","status":"publish","type":"product","link":"https:\/\/alkaline.lv\/en\/products\/roku-zavetajs-danija-metala-elektriskais-putejs\/","title":{"rendered":"Roku \u017e\u0101v\u0113t\u0101js D\u0100NIJA met\u0101la elektriskais p\u016bt\u0113js"},"content":{"rendered":"<p>Stil\u012bgs un elegants autom\u0101tiskais roku \u017e\u0101v\u0113t\u0101js no ner\u016bs\u0113jo\u0161\u0101 t\u0113rauda, \u200b\u200bko ir viegli t\u012br\u012bt un uztur\u0113t.<\/p>\n<table class=\"table table-striped spectable\">\n<tbody>\n<tr>\n<th class=\"th-first\">Environment<\/th>\n<td class=\"td-first\"><img decoding=\"async\" class=\"img-responsive\" src=\"https:\/\/www.stadsing.com\/Admin\/Public\/GetImage.ashx?Width=60&amp;Height=60&amp;Compression=80&amp;Crop=5&amp;Image=\/Files\/Images\/XPI\/4cbb7e62-42e8-cf0e-b1ff-cd8a62afe9b5.jpg\" alt=\"4cbb7e62-42e8-cf0e-b1ff-cd8a62afe9b5.jpg\" \/><\/td>\n<\/tr>\n<tr>\n<th>Colour<\/th>\n<td><\/td>\n<\/tr>\n<tr>\n<th>Material<\/th>\n<td>Stainless steel<\/td>\n<\/tr>\n<tr>\n<th>Measure<\/th>\n<td>H31 x W27 x D25 cm<\/td>\n<\/tr>\n<tr>\n<th>Volume (dB)<\/th>\n<td>78<\/td>\n<\/tr>\n<tr>\n<th>Motor (watt)<\/th>\n<td>2300<\/td>\n<\/tr>\n<tr>\n<th>Power (V)<\/th>\n<td>220<\/td>\n<\/tr>\n<tr>\n<th>Gross weight (kg)<\/th>\n<td>6.25<\/td>\n<\/tr>\n<tr>\n<th>Net weight (kg)<\/th>\n<td>5.9<\/td>\n<\/tr>\n<tr>\n<th>Commodity Number<\/th>\n<td>8516330000<\/td>\n<\/tr>\n<\/tbody>\n<\/table>\n","protected":false},"excerpt":{"rendered":"<div class=\"item_meta\"><\/div>\n<div><\/div>\n","protected":false},"featured_media":70299,"template":"","meta":{"inline_featured_image":false},"product_cat":[1777],"product_tag":[],"class_list":{"0":"post-70298","1":"product","2":"type-product","3":"status-publish","4":"has-post-thumbnail","6":"product_cat-elektriskie-roku-zavetaji","8":"first","9":"instock","10":"taxable","11":"shipping-taxable","12":"purchasable","13":"product-type-simple","14":"add-to-wishlist-after_add_to_cart"},"_links":{"self":[{"href":"https:\/\/alkaline.lv\/en\/wp-json\/wp\/v2\/product\/70298"}],"collection":[{"href":"https:\/\/alkaline.lv\/en\/wp-json\/wp\/v2\/product"}],"about":[{"href":"https:\/\/alkaline.lv\/en\/wp-json\/wp\/v2\/types\/product"}],"wp:featuredmedia":[{"embeddable":true,"href":"https:\/\/alkaline.lv\/en\/wp-json\/wp\/v2\/media\/70299"}],"wp:attachment":[{"href":"https:\/\/alkaline.lv\/en\/wp-json\/wp\/v2\/media?parent=70298"}],"wp:term":[{"taxonomy":"product_cat","embeddable":true,"href":"https:\/\/alkaline.lv\/en\/wp-json\/wp\/v2\/product_cat?post=70298"},{"taxonomy":"product_tag","embeddable":true,"href":"https:\/\/alkaline.lv\/en\/wp-json\/wp\/v2\/product_tag?post=70298"}],"curies":[{"name":"wp","href":"https:\/\/api.w.org\/{rel}","templated":true}]}}