{"id":70583,"date":"2024-01-19T16:09:12","date_gmt":"2024-01-19T14:09:12","guid":{"rendered":"https:\/\/alkaline.lv\/products\/kartona-skivis-15cm-economy-100-gab-pac-20-pac-kaste\/"},"modified":"2024-02-12T22:42:30","modified_gmt":"2024-02-12T20:42:30","slug":"kartona-skivis-15cm-economy-100-gab-pac-20-pac-kaste","status":"publish","type":"product","link":"https:\/\/alkaline.lv\/en\/products\/kartona-skivis-15cm-economy-100-gab-pac-20-pac-kaste\/","title":{"rendered":"Kartona \u0161\u0137\u012bvis 15cm Economy 100 gab.\/pac. 20 pac.\/kast\u0113"},"content":{"rendered":"","protected":false},"excerpt":{"rendered":"","protected":false},"featured_media":0,"template":"","meta":{"inline_featured_image":false},"product_cat":[1791],"product_tag":[],"class_list":{"0":"post-70583","1":"product","2":"type-product","3":"status-publish","5":"product_cat-vienreizlietojamie-skivji","7":"first","8":"instock","9":"taxable","10":"shipping-taxable","11":"purchasable","12":"product-type-simple","13":"add-to-wishlist-after_add_to_cart"},"_links":{"self":[{"href":"https:\/\/alkaline.lv\/en\/wp-json\/wp\/v2\/product\/70583"}],"collection":[{"href":"https:\/\/alkaline.lv\/en\/wp-json\/wp\/v2\/product"}],"about":[{"href":"https:\/\/alkaline.lv\/en\/wp-json\/wp\/v2\/types\/product"}],"wp:attachment":[{"href":"https:\/\/alkaline.lv\/en\/wp-json\/wp\/v2\/media?parent=70583"}],"wp:term":[{"taxonomy":"product_cat","embeddable":true,"href":"https:\/\/alkaline.lv\/en\/wp-json\/wp\/v2\/product_cat?post=70583"},{"taxonomy":"product_tag","embeddable":true,"href":"https:\/\/alkaline.lv\/en\/wp-json\/wp\/v2\/product_tag?post=70583"}],"curies":[{"name":"wp","href":"https:\/\/api.w.org\/{rel}","templated":true}]}}