{"id":70626,"date":"2024-01-19T16:09:24","date_gmt":"2024-01-19T14:09:24","guid":{"rendered":"https:\/\/alkaline.lv\/products\/kupolveida-vaks-auglu-glazei-ar-caurumu-95mm-pet-50-gab-pac-20-pac-kaste\/"},"modified":"2024-02-09T17:04:22","modified_gmt":"2024-02-09T15:04:22","slug":"kupolveida-vaks-auglu-glazei-ar-caurumu-95mm-pet-50-gab-pac-20-pac-kaste","status":"publish","type":"product","link":"https:\/\/alkaline.lv\/en\/products\/kupolveida-vaks-auglu-glazei-ar-caurumu-95mm-pet-50-gab-pac-20-pac-kaste\/","title":{"rendered":"Kupolveida v\u0101ks, aug\u013cu gl\u0101zei ar caurumu 95mm PET 50 gab.\/pac. 20 pac.\/kast\u0113"},"content":{"rendered":"","protected":false},"excerpt":{"rendered":"","protected":false},"featured_media":70624,"template":"","meta":{"inline_featured_image":false},"product_cat":[1783],"product_tag":[],"class_list":{"0":"post-70626","1":"product","2":"type-product","3":"status-publish","4":"has-post-thumbnail","6":"product_cat-vienreizejas-lietosanas-glazes-aukstajiem-dzerieniem","8":"first","9":"instock","10":"taxable","11":"shipping-taxable","12":"purchasable","13":"product-type-simple","14":"add-to-wishlist-after_add_to_cart"},"_links":{"self":[{"href":"https:\/\/alkaline.lv\/en\/wp-json\/wp\/v2\/product\/70626"}],"collection":[{"href":"https:\/\/alkaline.lv\/en\/wp-json\/wp\/v2\/product"}],"about":[{"href":"https:\/\/alkaline.lv\/en\/wp-json\/wp\/v2\/types\/product"}],"wp:featuredmedia":[{"embeddable":true,"href":"https:\/\/alkaline.lv\/en\/wp-json\/wp\/v2\/media\/70624"}],"wp:attachment":[{"href":"https:\/\/alkaline.lv\/en\/wp-json\/wp\/v2\/media?parent=70626"}],"wp:term":[{"taxonomy":"product_cat","embeddable":true,"href":"https:\/\/alkaline.lv\/en\/wp-json\/wp\/v2\/product_cat?post=70626"},{"taxonomy":"product_tag","embeddable":true,"href":"https:\/\/alkaline.lv\/en\/wp-json\/wp\/v2\/product_tag?post=70626"}],"curies":[{"name":"wp","href":"https:\/\/api.w.org\/{rel}","templated":true}]}}