{"id":70685,"date":"2024-01-19T16:09:45","date_gmt":"2024-01-19T14:09:45","guid":{"rendered":"https:\/\/alkaline.lv\/products\/alus-glaze-eu610-pp-500ml-caurspidiga-50gab-pac-16-pac-kaste\/"},"modified":"2024-02-09T15:12:26","modified_gmt":"2024-02-09T13:12:26","slug":"alus-glaze-eu610-pp-500ml-caurspidiga-50gab-pac-16-pac-kaste","status":"publish","type":"product","link":"https:\/\/alkaline.lv\/en\/products\/alus-glaze-eu610-pp-500ml-caurspidiga-50gab-pac-16-pac-kaste\/","title":{"rendered":"Alus gl\u0101ze EU610 PP 500ml caursp\u012bd\u012bga 50gab.\/pac., 16 pac.\/kast\u0113,"},"content":{"rendered":"","protected":false},"excerpt":{"rendered":"","protected":false},"featured_media":70683,"template":"","meta":{"inline_featured_image":false},"product_cat":[1783],"product_tag":[],"class_list":{"0":"post-70685","1":"product","2":"type-product","3":"status-publish","4":"has-post-thumbnail","6":"product_cat-vienreizejas-lietosanas-glazes-aukstajiem-dzerieniem","8":"first","9":"instock","10":"taxable","11":"shipping-taxable","12":"purchasable","13":"product-type-simple","14":"add-to-wishlist-after_add_to_cart"},"_links":{"self":[{"href":"https:\/\/alkaline.lv\/en\/wp-json\/wp\/v2\/product\/70685"}],"collection":[{"href":"https:\/\/alkaline.lv\/en\/wp-json\/wp\/v2\/product"}],"about":[{"href":"https:\/\/alkaline.lv\/en\/wp-json\/wp\/v2\/types\/product"}],"wp:featuredmedia":[{"embeddable":true,"href":"https:\/\/alkaline.lv\/en\/wp-json\/wp\/v2\/media\/70683"}],"wp:attachment":[{"href":"https:\/\/alkaline.lv\/en\/wp-json\/wp\/v2\/media?parent=70685"}],"wp:term":[{"taxonomy":"product_cat","embeddable":true,"href":"https:\/\/alkaline.lv\/en\/wp-json\/wp\/v2\/product_cat?post=70685"},{"taxonomy":"product_tag","embeddable":true,"href":"https:\/\/alkaline.lv\/en\/wp-json\/wp\/v2\/product_tag?post=70685"}],"curies":[{"name":"wp","href":"https:\/\/api.w.org\/{rel}","templated":true}]}}