{"id":70698,"date":"2024-01-19T16:09:49","date_gmt":"2024-01-19T14:09:49","guid":{"rendered":"https:\/\/alkaline.lv\/products\/plastmasas-vaks-auglu-glazei-ar-caurumu-95mm-pet-e400210-e400993-50gab-pac-16-pac-kaste\/"},"modified":"2024-02-09T15:12:26","modified_gmt":"2024-02-09T13:12:26","slug":"plastmasas-vaks-auglu-glazei-ar-caurumu-95mm-pet-e400210-e400993-50gab-pac-16-pac-kaste","status":"publish","type":"product","link":"https:\/\/alkaline.lv\/en\/products\/plastmasas-vaks-auglu-glazei-ar-caurumu-95mm-pet-e400210-e400993-50gab-pac-16-pac-kaste\/","title":{"rendered":"Plastmasas v\u0101ks aug\u013cu gl\u0101zei ar caurumu 95mm PET (E400210\/E400993) 50gab.\/pac., 16 pac.\/kast\u0113"},"content":{"rendered":"","protected":false},"excerpt":{"rendered":"","protected":false},"featured_media":70696,"template":"","meta":{"inline_featured_image":false},"product_cat":[1783],"product_tag":[],"class_list":{"0":"post-70698","1":"product","2":"type-product","3":"status-publish","4":"has-post-thumbnail","6":"product_cat-vienreizejas-lietosanas-glazes-aukstajiem-dzerieniem","8":"first","9":"instock","10":"taxable","11":"shipping-taxable","12":"purchasable","13":"product-type-simple","14":"add-to-wishlist-after_add_to_cart"},"_links":{"self":[{"href":"https:\/\/alkaline.lv\/en\/wp-json\/wp\/v2\/product\/70698"}],"collection":[{"href":"https:\/\/alkaline.lv\/en\/wp-json\/wp\/v2\/product"}],"about":[{"href":"https:\/\/alkaline.lv\/en\/wp-json\/wp\/v2\/types\/product"}],"wp:featuredmedia":[{"embeddable":true,"href":"https:\/\/alkaline.lv\/en\/wp-json\/wp\/v2\/media\/70696"}],"wp:attachment":[{"href":"https:\/\/alkaline.lv\/en\/wp-json\/wp\/v2\/media?parent=70698"}],"wp:term":[{"taxonomy":"product_cat","embeddable":true,"href":"https:\/\/alkaline.lv\/en\/wp-json\/wp\/v2\/product_cat?post=70698"},{"taxonomy":"product_tag","embeddable":true,"href":"https:\/\/alkaline.lv\/en\/wp-json\/wp\/v2\/product_tag?post=70698"}],"curies":[{"name":"wp","href":"https:\/\/api.w.org\/{rel}","templated":true}]}}