{"id":70810,"date":"2024-01-19T16:10:29","date_gmt":"2024-01-19T14:10:29","guid":{"rendered":"https:\/\/alkaline.lv\/products\/kafijas-kruzes-vaks-w12dl-90mm-oranza-50gab-pac-10pac-kaste\/"},"modified":"2024-02-09T15:09:43","modified_gmt":"2024-02-09T13:09:43","slug":"kafijas-kruzes-vaks-w12dl-90mm-oranza-50gab-pac-10pac-kaste","status":"publish","type":"product","link":"https:\/\/alkaline.lv\/en\/products\/kafijas-kruzes-vaks-w12dl-90mm-oranza-50gab-pac-10pac-kaste\/","title":{"rendered":"Kafijas kr\u016bzes v\u0101ks W12DL 90mm oran\u017ea 50gab.\/pac. 10pac.\/kast\u0113"},"content":{"rendered":"","protected":false},"excerpt":{"rendered":"","protected":false},"featured_media":0,"template":"","meta":{"inline_featured_image":false},"product_cat":[1782],"product_tag":[],"class_list":{"0":"post-70810","1":"product","2":"type-product","3":"status-publish","5":"product_cat-vienreizejas-lietosanas-glazes-karstiem-dzerieniem","7":"first","8":"instock","9":"taxable","10":"shipping-taxable","11":"purchasable","12":"product-type-simple","13":"add-to-wishlist-after_add_to_cart"},"_links":{"self":[{"href":"https:\/\/alkaline.lv\/en\/wp-json\/wp\/v2\/product\/70810"}],"collection":[{"href":"https:\/\/alkaline.lv\/en\/wp-json\/wp\/v2\/product"}],"about":[{"href":"https:\/\/alkaline.lv\/en\/wp-json\/wp\/v2\/types\/product"}],"wp:attachment":[{"href":"https:\/\/alkaline.lv\/en\/wp-json\/wp\/v2\/media?parent=70810"}],"wp:term":[{"taxonomy":"product_cat","embeddable":true,"href":"https:\/\/alkaline.lv\/en\/wp-json\/wp\/v2\/product_cat?post=70810"},{"taxonomy":"product_tag","embeddable":true,"href":"https:\/\/alkaline.lv\/en\/wp-json\/wp\/v2\/product_tag?post=70810"}],"curies":[{"name":"wp","href":"https:\/\/api.w.org\/{rel}","templated":true}]}}