{"id":70867,"date":"2024-01-25T21:46:45","date_gmt":"2024-01-25T19:46:45","guid":{"rendered":"https:\/\/alkaline.lv\/?post_type=product&#038;p=70867"},"modified":"2024-01-25T21:48:53","modified_gmt":"2024-01-25T19:48:53","slug":"seal-tirisanas-lidzeklis-vannas-istabai-750ml","status":"publish","type":"product","link":"https:\/\/alkaline.lv\/en\/products\/seal-tirisanas-lidzeklis-vannas-istabai-750ml\/","title":{"rendered":"SEAL T\u012aR\u012a\u0160ANAS l\u012bdzeklis vannas istabai, 750ml"},"content":{"rendered":"<div class=\"catalog-element-information-right\">\n<div class=\"catalog-element-information-right-wrapper\">\n<div class=\"catalog-element-information-part 4\">\n<div class=\"catalog-element-tabs-right\">\n<div class=\"catalog-element-sections catalog-element-sections-tabs tab-content\">\n<div id=\"i-20-bitrix-catalog-element-catalog-default-1-qepX1RQfHh6Q-description\" class=\"catalog-element-section tab-pane active\" role=\"tabpanel\">\n<div class=\"catalog-element-section-content\" data-role=\"section.content\">\n<div class=\"catalog-element-section-description intec-ui-mark-text\">\n<div class=\"mb-24\">\n<p>T\u012br\u012b\u0161anas l\u012bdzeklis vannas istabai. Efekt\u012bvs l\u012bdzeklis\u00a0 izliet\u0146u, vannu, fl\u012b\u017eu un citu mazg\u0101jamu virsmu t\u012br\u0161anai. \u012apa\u0161i piem\u0113rots akrila virsm\u0101m.<\/p>\n<p>Lieto\u0161ana: l\u012bdzekli uzsmidzin\u0101t uz t\u012br\u0101m\u0101s virsmas. \u012apa\u0161i notur\u012bgiem traipiem \u013caut iedarboties 2 &#8211; 5 min. T\u012br\u012bt virsmu ar s\u016bkli, tad noskalot. P\u0101rbaud\u012bt uz neliela virsmas laukuma.<\/p>\n<\/div>\n<\/div>\n<div><\/div>\n<\/div>\n<\/div>\n<\/div>\n<\/div>\n<\/div>\n<\/div>\n<\/div>\n<p><strong>Tilpums: 750 ml<\/strong><\/p>\n","protected":false},"excerpt":{"rendered":"<div class=\"item_meta\"><\/div>\n<div><\/div>\n","protected":false},"featured_media":70868,"template":"","meta":{"inline_featured_image":false},"product_cat":[78],"product_tag":[],"class_list":{"0":"post-70867","1":"product","2":"type-product","3":"status-publish","4":"has-post-thumbnail","6":"product_cat-sanitaro-telpu-tirisanai","8":"first","9":"instock","10":"taxable","11":"shipping-taxable","12":"purchasable","13":"product-type-simple","14":"add-to-wishlist-after_add_to_cart"},"_links":{"self":[{"href":"https:\/\/alkaline.lv\/en\/wp-json\/wp\/v2\/product\/70867"}],"collection":[{"href":"https:\/\/alkaline.lv\/en\/wp-json\/wp\/v2\/product"}],"about":[{"href":"https:\/\/alkaline.lv\/en\/wp-json\/wp\/v2\/types\/product"}],"wp:featuredmedia":[{"embeddable":true,"href":"https:\/\/alkaline.lv\/en\/wp-json\/wp\/v2\/media\/70868"}],"wp:attachment":[{"href":"https:\/\/alkaline.lv\/en\/wp-json\/wp\/v2\/media?parent=70867"}],"wp:term":[{"taxonomy":"product_cat","embeddable":true,"href":"https:\/\/alkaline.lv\/en\/wp-json\/wp\/v2\/product_cat?post=70867"},{"taxonomy":"product_tag","embeddable":true,"href":"https:\/\/alkaline.lv\/en\/wp-json\/wp\/v2\/product_tag?post=70867"}],"curies":[{"name":"wp","href":"https:\/\/api.w.org\/{rel}","templated":true}]}}