{"id":70876,"date":"2024-02-01T10:11:05","date_gmt":"2024-02-01T08:11:05","guid":{"rendered":"https:\/\/alkaline.lv\/?post_type=product&#038;p=70876"},"modified":"2025-11-27T09:23:49","modified_gmt":"2025-11-27T07:23:49","slug":"velas-mazgasanas-lidzeklis-omo-horeca-5l","status":"publish","type":"product","link":"https:\/\/alkaline.lv\/en\/products\/velas-mazgasanas-lidzeklis-omo-horeca-5l\/","title":{"rendered":"Ve\u013cas mazg\u0101\u0161anas l\u012bdzeklis OMO HORECA, 5L"},"content":{"rendered":"<p>Profesion\u0101la formula, kas \u012bpa\u0161i izstr\u0101d\u0101ta restor\u0101nos un viesn\u012bc\u0101s bie\u017ei sastopamo traipu likvid\u0113\u0161anai. Likvid\u0113 notur\u012bgus traipus, piem\u0113ram, e\u013c\u013cu\/taukus, kafiju un v\u012bnu. Padara dr\u0113bes mirdzo\u0161i t\u012bras. Dro\u0161a lieto\u0161ana visu veidu kokvilnas un smalkas ve\u013cas mazg\u0101\u0161an\u0101. Tas ir piem\u0113rots baltas un kr\u0101sainas ve\u013cas mazg\u0101\u0161anai. Omo Horeca ir pat\u012bkams arom\u0101ts, kas nodro\u0161ina ilgsto\u0161u svaigumu.<\/p>\n<p><strong>Tilpums:\u00a0 5L<\/strong><\/p>\n","protected":false},"excerpt":{"rendered":"<div class=\"item_meta\"><\/div>\n<div><\/div>\n","protected":false},"featured_media":70877,"template":"","meta":{"inline_featured_image":false},"product_cat":[77],"product_tag":[],"class_list":{"0":"post-70876","1":"product","2":"type-product","3":"status-publish","4":"has-post-thumbnail","6":"product_cat-velas-mazgasanas-lidzekli","8":"first","9":"instock","10":"taxable","11":"shipping-taxable","12":"purchasable","13":"product-type-simple","14":"add-to-wishlist-after_add_to_cart"},"_links":{"self":[{"href":"https:\/\/alkaline.lv\/en\/wp-json\/wp\/v2\/product\/70876"}],"collection":[{"href":"https:\/\/alkaline.lv\/en\/wp-json\/wp\/v2\/product"}],"about":[{"href":"https:\/\/alkaline.lv\/en\/wp-json\/wp\/v2\/types\/product"}],"wp:featuredmedia":[{"embeddable":true,"href":"https:\/\/alkaline.lv\/en\/wp-json\/wp\/v2\/media\/70877"}],"wp:attachment":[{"href":"https:\/\/alkaline.lv\/en\/wp-json\/wp\/v2\/media?parent=70876"}],"wp:term":[{"taxonomy":"product_cat","embeddable":true,"href":"https:\/\/alkaline.lv\/en\/wp-json\/wp\/v2\/product_cat?post=70876"},{"taxonomy":"product_tag","embeddable":true,"href":"https:\/\/alkaline.lv\/en\/wp-json\/wp\/v2\/product_tag?post=70876"}],"curies":[{"name":"wp","href":"https:\/\/api.w.org\/{rel}","templated":true}]}}