{"id":70889,"date":"2024-02-06T09:40:28","date_gmt":"2024-02-06T07:40:28","guid":{"rendered":"https:\/\/alkaline.lv\/?post_type=product&#038;p=70889"},"modified":"2024-02-06T09:41:44","modified_gmt":"2024-02-06T07:41:44","slug":"partikas-pleve-60cm-x-300m-caurspidiga-lldpe","status":"publish","type":"product","link":"https:\/\/alkaline.lv\/en\/products\/partikas-pleve-60cm-x-300m-caurspidiga-lldpe\/","title":{"rendered":"P\u0101rtikas pl\u0113ve 60cm x 300m, caursp\u012bd\u012bga, LLDPE"},"content":{"rendered":"<div class=\"product-description\">P\u0101rtikas pl\u0113ve paredz\u0113ta produktu iepako\u0161anai, uzglab\u0101\u0161anai un<br \/>\np\u0101rkl\u0101\u0161anai. Piem\u012bt laba lipt-sp\u0113ja. Izgatavota no polietil\u0113na.<br \/>\nRekomend\u0113jam\u0101 izmanto\u0161anas temperat\u016bra no +2\u00b0\u0421 l\u012bdz +28\u00b0\u0421.<\/div>\n<div class=\"product-specification\">\n<h2 id=\"product-info\">Produkta specifik\u0101cija<\/h2>\n<table>\n<tbody>\n<tr>\n<td class=\"color\">Kr\u0101sa<\/td>\n<td>Melna<\/td>\n<\/tr>\n<tr>\n<td class=\"qty_in_package\">Daudz. iepakojum\u0101<\/td>\n<td>1<\/td>\n<\/tr>\n<tr>\n<td class=\"qty_in_box\">Daudz. kast\u0113<\/td>\n<td>4<\/td>\n<\/tr>\n<\/tbody>\n<\/table>\n<\/div>\n","protected":false},"excerpt":{"rendered":"<div class=\"item_meta\"><\/div>\n<div><\/div>\n","protected":false},"featured_media":70890,"template":"","meta":{"inline_featured_image":false},"product_cat":[1784],"product_tag":[],"class_list":{"0":"post-70889","1":"product","2":"type-product","3":"status-publish","4":"has-post-thumbnail","6":"product_cat-partikas-pleve","8":"first","9":"instock","10":"taxable","11":"shipping-taxable","12":"purchasable","13":"product-type-simple","14":"add-to-wishlist-after_add_to_cart"},"_links":{"self":[{"href":"https:\/\/alkaline.lv\/en\/wp-json\/wp\/v2\/product\/70889"}],"collection":[{"href":"https:\/\/alkaline.lv\/en\/wp-json\/wp\/v2\/product"}],"about":[{"href":"https:\/\/alkaline.lv\/en\/wp-json\/wp\/v2\/types\/product"}],"wp:featuredmedia":[{"embeddable":true,"href":"https:\/\/alkaline.lv\/en\/wp-json\/wp\/v2\/media\/70890"}],"wp:attachment":[{"href":"https:\/\/alkaline.lv\/en\/wp-json\/wp\/v2\/media?parent=70889"}],"wp:term":[{"taxonomy":"product_cat","embeddable":true,"href":"https:\/\/alkaline.lv\/en\/wp-json\/wp\/v2\/product_cat?post=70889"},{"taxonomy":"product_tag","embeddable":true,"href":"https:\/\/alkaline.lv\/en\/wp-json\/wp\/v2\/product_tag?post=70889"}],"curies":[{"name":"wp","href":"https:\/\/api.w.org\/{rel}","templated":true}]}}