{"id":70900,"date":"2024-02-06T09:54:51","date_gmt":"2024-02-06T07:54:51","guid":{"rendered":"https:\/\/alkaline.lv\/?post_type=product&#038;p=70900"},"modified":"2024-02-06T09:56:22","modified_gmt":"2024-02-06T07:56:22","slug":"aluminija-folija-rulli-44cm-x-100m-11my","status":"publish","type":"product","link":"https:\/\/alkaline.lv\/en\/products\/aluminija-folija-rulli-44cm-x-100m-11my\/","title":{"rendered":"Alum\u012bnija folija rull\u012b 44cm x 100m, 11my"},"content":{"rendered":"<div class=\"product-description\">Vienreizlietojam\u0101 alum\u012bnija folija. Paredz\u0113ta karstiem un<br \/>\naukstiem produktiem. Var tikt pielietota cep\u0161anai cepe\u0161kr\u0101sn\u012b.<br \/>\nMaksim\u0101l\u0101 pielieto\u0161anas temperat\u016bra +350\u00b0\u0421.<br \/>\nUzman\u012bbu! Nav ieteicams taj\u0101 ilgsto\u0161i uzglab\u0101t sk\u0101bus,<br \/>\neti\u0137ainus, \u013coti s\u0101\u013cus produktus.<br \/>\nNav rekomend\u0113jams sild\u012bt mikrovi\u013c\u0146u kr\u0101sn\u012b \u2013 past\u0101v<br \/>\nuzliesmo\u0161anas risks.<\/div>\n<div class=\"product-specification\">\n<h2 id=\"product-info\">Produkta specifik\u0101cija<\/h2>\n<table>\n<tbody>\n<tr>\n<td class=\"width\">Platums<\/td>\n<td>44cm<\/td>\n<\/tr>\n<tr>\n<td class=\"length\">Garums<\/td>\n<td>100m<\/td>\n<\/tr>\n<tr>\n<td class=\"color\">Kr\u0101sa<\/td>\n<td>Melna<\/td>\n<\/tr>\n<tr>\n<td class=\"material\">Materi\u0101ls<\/td>\n<td>Alum\u012bnijs<\/td>\n<\/tr>\n<tr>\n<td class=\"qty_in_package\">Daudz. iepakojum\u0101<\/td>\n<td>4<\/td>\n<\/tr>\n<tr>\n<td class=\"qty_in_box\">Daudz. kast\u0113<\/td>\n<td>4<\/td>\n<\/tr>\n<\/tbody>\n<\/table>\n<\/div>\n","protected":false},"excerpt":{"rendered":"<div class=\"item_meta\"><\/div>\n<div><\/div>\n","protected":false},"featured_media":70901,"template":"","meta":{"inline_featured_image":false},"product_cat":[1785],"product_tag":[],"class_list":{"0":"post-70900","1":"product","2":"type-product","3":"status-publish","4":"has-post-thumbnail","6":"product_cat-aluminija-folija","8":"first","9":"instock","10":"taxable","11":"shipping-taxable","12":"purchasable","13":"product-type-simple","14":"add-to-wishlist-after_add_to_cart"},"_links":{"self":[{"href":"https:\/\/alkaline.lv\/en\/wp-json\/wp\/v2\/product\/70900"}],"collection":[{"href":"https:\/\/alkaline.lv\/en\/wp-json\/wp\/v2\/product"}],"about":[{"href":"https:\/\/alkaline.lv\/en\/wp-json\/wp\/v2\/types\/product"}],"wp:featuredmedia":[{"embeddable":true,"href":"https:\/\/alkaline.lv\/en\/wp-json\/wp\/v2\/media\/70901"}],"wp:attachment":[{"href":"https:\/\/alkaline.lv\/en\/wp-json\/wp\/v2\/media?parent=70900"}],"wp:term":[{"taxonomy":"product_cat","embeddable":true,"href":"https:\/\/alkaline.lv\/en\/wp-json\/wp\/v2\/product_cat?post=70900"},{"taxonomy":"product_tag","embeddable":true,"href":"https:\/\/alkaline.lv\/en\/wp-json\/wp\/v2\/product_tag?post=70900"}],"curies":[{"name":"wp","href":"https:\/\/api.w.org\/{rel}","templated":true}]}}