{"id":70914,"date":"2024-02-06T10:26:05","date_gmt":"2024-02-06T08:26:05","guid":{"rendered":"https:\/\/alkaline.lv\/?post_type=product&#038;p=70914"},"modified":"2024-02-06T10:33:11","modified_gmt":"2024-02-06T08:33:11","slug":"saga-papirs-ediena-pagatavosanai-loksnes-izmers-400x600mm-500-loksnes-paka","status":"publish","type":"product","link":"https:\/\/alkaline.lv\/en\/products\/saga-papirs-ediena-pagatavosanai-loksnes-izmers-400x600mm-500-loksnes-paka\/","title":{"rendered":"SAGA pap\u012brs \u0113diena pagatavo\u0161anai, loksnes izm\u0113rs 400x600mm, 500 loksnes pak\u0101"},"content":{"rendered":"<p>SAGA cepampap\u012bri ir \u012bpa\u0161i izstr\u0101d\u0101ti visu veidu profesion\u0101lai cep\u0161anai, sutin\u0101\u0161anai, tvaic\u0113\u0161anai, gril\u0113\u0161anai. Pieejami daudzos lok\u0161\u0146u un ru\u013c\u013cu izm\u0113ros.<\/p>\n<p><span class=\"es-f-exbold\">Galven\u0101s iez\u012bmes<\/span><\/p>\n<p>Alternat\u012bva alum\u012bnijam un plastmasai;<br \/>\nCep\u0161anas laik\u0101 var izmantot vair\u0101kas reizes;<br \/>\nizgatavots no atjaunojamiem resursiem, 100% jaun\u0161\u0137iedra (balin\u0101ta celuloze);<br \/>\nkoksne no sertific\u0113tiem me\u017eiem;<br \/>\nVidei draudz\u012bgs: biolo\u0123iski no\u0101rd\u0101ms un kompost\u0113jams;<br \/>\ndabiski taukains, kas pasarg\u0101 virtuves piederumus no nodiluma un net\u012brumiem<\/p>\n<p><span class=\"es-f-exbold\">Pielietojums<\/span><\/p>\n<p>Dro\u0161s, nov\u0113r\u0161 \u0113diena salip\u0161anu; odere; starplika; tvaic\u0113\u0161ana, v\u0101r\u012b\u0161ana un sutin\u0101\u0161ana; piem\u0113rots visa veida cep\u0161anai.<\/p>\n","protected":false},"excerpt":{"rendered":"<div class=\"item_meta\"><\/div>\n<div><\/div>\n","protected":false},"featured_media":70915,"template":"","meta":{"inline_featured_image":false},"product_cat":[99,1786],"product_tag":[],"class_list":{"0":"post-70914","1":"product","2":"type-product","3":"status-publish","4":"has-post-thumbnail","6":"product_cat-cepampapirs","7":"product_cat-cepampapirs-2","9":"first","10":"instock","11":"taxable","12":"shipping-taxable","13":"purchasable","14":"product-type-simple","15":"add-to-wishlist-after_add_to_cart"},"_links":{"self":[{"href":"https:\/\/alkaline.lv\/en\/wp-json\/wp\/v2\/product\/70914"}],"collection":[{"href":"https:\/\/alkaline.lv\/en\/wp-json\/wp\/v2\/product"}],"about":[{"href":"https:\/\/alkaline.lv\/en\/wp-json\/wp\/v2\/types\/product"}],"wp:featuredmedia":[{"embeddable":true,"href":"https:\/\/alkaline.lv\/en\/wp-json\/wp\/v2\/media\/70915"}],"wp:attachment":[{"href":"https:\/\/alkaline.lv\/en\/wp-json\/wp\/v2\/media?parent=70914"}],"wp:term":[{"taxonomy":"product_cat","embeddable":true,"href":"https:\/\/alkaline.lv\/en\/wp-json\/wp\/v2\/product_cat?post=70914"},{"taxonomy":"product_tag","embeddable":true,"href":"https:\/\/alkaline.lv\/en\/wp-json\/wp\/v2\/product_tag?post=70914"}],"curies":[{"name":"wp","href":"https:\/\/api.w.org\/{rel}","templated":true}]}}